{"id":24,"date":"2024-05-29T17:19:33","date_gmt":"2024-05-29T14:19:33","guid":{"rendered":"https:\/\/www.hairtimeistanbul.com\/es\/?page_id=24"},"modified":"2024-10-21T14:48:40","modified_gmt":"2024-10-21T11:48:40","slug":"antes-despues","status":"publish","type":"page","link":"https:\/\/www.hairtimeistanbul.com\/es\/antes-despues\/","title":{"rendered":"Antes &#038; Despu\u00e9s"},"content":{"rendered":"<h2>Trasplante Capilar Antes \u2013 Despu\u00e9s<\/h2>\n<p>Cuando se trata de \u201cantes y despu\u00e9s del trasplante de cabello FUE\u201d, generalmente se piensa en la comparaci\u00f3n de las im\u00e1genes antes y despu\u00e9s del procedimiento, pero tambi\u00e9n se deben considerar las acciones que se deben evitar y realizar antes y despu\u00e9s del procedimiento. Cabe recordar que la preparaci\u00f3n antes y despu\u00e9s del proceso de trasplante de cabello de zafiro es importante, al igual que el proceso de trasplante de cabello de zafiro en s\u00ed. En nuestro tiempo en que nos enfocamos m\u00e1s en un enfoque orientado a los resultados, aunque el antes y el despu\u00e9s del trasplante de cabello se consideran solo im\u00e1genes con resultados claros y excelentes, nunca se debe ignorar que para este prop\u00f3sito una cuidadosa planificaci\u00f3n previa, siguiendo algunas recomendaciones m\u00e9dicas y un se requiere un buen cuidado posterior.<\/p>\n","protected":false},"excerpt":{"rendered":"<p>Trasplante Capilar Antes \u2013 Despu\u00e9s Cuando se trata de \u201cantes y despu\u00e9s del trasplante de cabello FUE\u201d, generalmente se piensa en la comparaci\u00f3n de las im\u00e1genes antes y despu\u00e9s del procedimiento, pero tambi\u00e9n se deben considerar las acciones que se deben evitar y realizar antes y despu\u00e9s del procedimiento. Cabe recordar que la preparaci\u00f3n antes [&hellip;]<\/p>\n","protected":false},"author":1,"featured_media":0,"parent":0,"menu_order":0,"comment_status":"closed","ping_status":"closed","template":"template\/before-afer.php","meta":{"footnotes":""},"class_list":["post-24","page","type-page","status-publish","hentry"],"_links":{"self":[{"href":"https:\/\/www.hairtimeistanbul.com\/es\/wp-json\/wp\/v2\/pages\/24","targetHints":{"allow":["GET"]}}],"collection":[{"href":"https:\/\/www.hairtimeistanbul.com\/es\/wp-json\/wp\/v2\/pages"}],"about":[{"href":"https:\/\/www.hairtimeistanbul.com\/es\/wp-json\/wp\/v2\/types\/page"}],"author":[{"embeddable":true,"href":"https:\/\/www.hairtimeistanbul.com\/es\/wp-json\/wp\/v2\/users\/1"}],"replies":[{"embeddable":true,"href":"https:\/\/www.hairtimeistanbul.com\/es\/wp-json\/wp\/v2\/comments?post=24"}],"version-history":[{"count":6,"href":"https:\/\/www.hairtimeistanbul.com\/es\/wp-json\/wp\/v2\/pages\/24\/revisions"}],"predecessor-version":[{"id":794,"href":"https:\/\/www.hairtimeistanbul.com\/es\/wp-json\/wp\/v2\/pages\/24\/revisions\/794"}],"wp:attachment":[{"href":"https:\/\/www.hairtimeistanbul.com\/es\/wp-json\/wp\/v2\/media?parent=24"}],"curies":[{"name":"wp","href":"https:\/\/api.w.org\/{rel}","templated":true}]}}