{"id":474,"date":"2024-08-06T14:38:18","date_gmt":"2024-08-06T11:38:18","guid":{"rendered":"https:\/\/www.hairtimeistanbul.com\/es\/?page_id=474"},"modified":"2024-10-21T14:05:42","modified_gmt":"2024-10-21T11:05:42","slug":"preguntas-frecuentes","status":"publish","type":"page","link":"https:\/\/www.hairtimeistanbul.com\/es\/preguntas-frecuentes\/","title":{"rendered":"Preguntas Frecuentes"},"content":{"rendered":"<h3>\u00bfCu\u00e1ntos d\u00edas para un trasplante de cabello?<\/h3>\n<p>La operaci\u00f3n se completa en un d\u00eda. Al d\u00eda siguiente, lo llevar\u00e1n a inspecci\u00f3n y al d\u00eda siguiente para el primer lavado. En los d\u00edas siguientes, puede continuar con sus actividades sociales y diarias.<\/p>\n<h3>\u00bfCu\u00e1nto dura el trasplante de cabello?<\/h3>\n<p>El trasplante de cabello toma un promedio de 6 a 8 horas. Nuestros especialistas recolectan fol\u00edculos capilares durante un promedio de dos horas. Luego, los canales se abren en el \u00e1rea requerida. Tomar\u00e1 alrededor de una hora. El \u00faltimo proceso en el que se reemplaza el cabello tomar\u00e1 aproximadamente tres horas.<\/p>\n<h3>\u00bfSe puede caer el cabello implantado?<\/h3>\n<p>El cabello implantado se obtiene de la regi\u00f3n donante. Los pelos en el \u00e1rea donante se codifican como \u201cpelos no ca\u00eddos\u201d. Gen\u00e9ticamente, esto tampoco es posible. Los pelos as\u00ed implantados tampoco pueden sufrir p\u00e9rdida de cabello.<\/p>\n<h3>\u00bfSe ver\u00e1 que me hicieron un trasplante de cabello?<\/h3>\n<p>Despu\u00e9s de un trasplante de cabello FUE Zafiro , no queda cicatriz. Adem\u00e1s, los canales con un punto de zafiro est\u00e1n abiertos, lo que conducir\u00e1 a un resultado natural.<\/p>\n<h3>\u00bfSe puede implantar el cabello conmigo sin actualizar mi peinado antes de la cirug\u00eda?<\/h3>\n<p>SaEs posible hacerse un trasplante de cabello sin afeitarse. Esto es principalmente aplicable a las mujeres. P\u00f3ngase en contacto con uno de nuestros especialistas para analizar las posibilidades.<\/p>\n<h3>\u00bfD\u00f3nde est\u00e1 el \u00e1rea donante?<\/h3>\n<p>El \u00e1rea donante se encuentra en la parte posterior, debajo de la cresta y detr\u00e1s de las orejas. Los fol\u00edculos pilosos son los m\u00e1s fuertes y codificados en estas \u00e1reas como \u201ccabello no ca\u00eddo\u201d.<\/p>\n<h3>\u00bfVolver\u00e1n a crecer los fol\u00edculos capilares extra\u00eddos del \u00e1rea donante?<\/h3>\n<p>Los pelos obtenidos de la regi\u00f3n donante pueden volver a crecer hasta el 40%. Esto se debe a que los fol\u00edculos pilosos se cortan oblicuamente. El tejido residual puede desarrollarse nuevamente como un cabello nuevo. Nuestro equipo m\u00e9dico puede trabajar con los mejores ejercicios, lo que minimizar\u00e1 el da\u00f1o. En consecuencia, no se observar\u00e1 ninguna anormalidad.<\/p>\n<h3>\u00bfEs doloroso el trasplante de cabello?<\/h3>\n<p>El trasplante de cabello se realiza en nuestro centro con la opci\u00f3n de anestesia local y sedaci\u00f3n, sin sentir dolor durante o despu\u00e9s del procedimiento.<\/p>\n<h3>\u00bfCrece el cabello trasplantado despu\u00e9s del trasplante de cabello?<\/h3>\n<p>Dado que el trasplante de cabello es el proceso de trasplante de los fol\u00edculos capilares al \u00e1rea deseada, contin\u00faa creciendo en el mismo lugar en el nuevo lugar sin sufrir ning\u00fan cambio en el per\u00edodo de crecimiento normal de la misma forma y grosor de color.<\/p>\n<h3>\u00bfQui\u00e9n puede recibir un trasplante de cabello?<\/h3>\n<p>En pacientes masculinos o femeninos con p\u00e9rdida de cabello de patr\u00f3n masculino, en pacientes con p\u00e9rdida de cabello local, como cong\u00e9nita (marca de nacimiento), p\u00e9rdida de cabello despu\u00e9s de la cirug\u00eda, accidente o quemaduras, p\u00e9rdida de cabello e infecciones similares de la piel en el cuello del \u00e1rea donante del paciente o la siembra se puede hacer en casos donde el vello corporal es suficiente.<\/p>\n<h3>\u00bfPor qu\u00e9 elegir HairTimeIstanbul Hair Transplantation Center?<\/h3>\n<p>HairTimeIstanbul Hair Transplantation Center ha llevado a cabo con \u00e9xito miles de casos de trasplante de cabello con su equipo especializado, que ha estado operando durante a\u00f1os para realizar servicios y tratamientos relacionados con el trasplante de cabello y los m\u00e9todos de tratamiento del cabello. Servimos en entornos est\u00e9riles y seguros con equipos expertos en un hospital de pleno derecho. En t\u00e9rminos de precios, evitamos que nuestros pacientes se encuentren con presupuestos sorpresa notificando sus n\u00fameros reales de injertos como ex\u00e1menes preliminares, y tenemos sus pelos naturales con los injertos que realmente necesitan. Si nuestros pacientes lo consideran necesario, le brindamos la oportunidad de ver las entrevistas de nuestros pacientes que se han sometido a un trasplante de cabello o de reunirse individualmente y encontrar respuestas a las preguntas que puedan permanecer en su mente. Estamos esperando su examen de cabello gratis y la hospitalidad de HairTimeIstanbul en nuestro Centro de Trasplante de Cabello HairTimeIstanbul que opera en Estambul Ata\u015fehir.<\/p>\n<h3>\u00bfCu\u00e1ntos injertos se plantan en una sola sesi\u00f3n?<\/h3>\n<p>El n\u00famero de injertos que se plantar\u00e1n en una sola sesi\u00f3n var\u00eda seg\u00fan el \u00e1rea donante de la persona. Si prefiere HairTimeIstanbul, podemos plantar 7000 injertos (21,000 pelos) en una sesi\u00f3n gracias a nuestro personal experto (si su \u00e1rea donante es suficiente).<\/p>\n<h3>\u00bfC\u00f3mo deber\u00eda ser la l\u00ednea frontal del cabello? \u00bfPor qu\u00e9 es tan importante el proceso de ranurado?<\/h3>\n<p>Naturalmente, el dibujo anat\u00f3mico se debe hacer con la sangr\u00eda y protrusi\u00f3n m\u00e1s apropiadas en la edad, las expresiones faciales faciales, la distancia de la nariz, la frente y los labios de la persona que se va a trasplantar el cabello, y el gusto y las preferencias de la persona deben entenderse en un punto com\u00fan al enfatizar estas posibilidades y posibilidades. El \u00e9xito de una plantaci\u00f3n es directamente proporcional a la apariencia natural del resultado. Al hacer la l\u00ednea del cabello, es necesario prestar atenci\u00f3n a la peque\u00f1ez y la pluralidad de la apertura de la persona, la cantidad de injertos tomados del sitio donante y la edad de la persona, Los canales abiertos al \u00e1rea a plantar deben estar de acuerdo con el \u00e1ngulo de salida del cabello anterior de la persona. Despu\u00e9s de calcular el di\u00e1metro de los fol\u00edculos pilosos y la profundidad requerida de los fol\u00edculos pilosos, los canales donde se colocar\u00e1n los fol\u00edculos pilosos se abren con una hendidura lateral especialmente preparada para los fol\u00edculos pilosos. El proceso de apertura de canales es la parte m\u00e1s importante del trasplante capilar. Los canales que no se abren en la profundidad y densidad correctas no hacen que falle toda la operaci\u00f3n e incluso el cabello trasplantado no crecer\u00e1.<\/p>\n<h3>\u00bfCu\u00e1ndo veo el resultado?<\/h3>\n<p>Despu\u00e9s de 9 a 12 meses, el resultado final es visible<\/p>\n<h3>\u00bfQu\u00e9 debo considerar antes y despu\u00e9s del trasplante de cabello?<\/h3>\n<p>A continuaci\u00f3n encontrar\u00e1 los documentos a seguir antes y despu\u00e9s del trasplante de cabello.<\/p>\n","protected":false},"excerpt":{"rendered":"<p>\u00bfCu\u00e1ntos d\u00edas para un trasplante de cabello? La operaci\u00f3n se completa en un d\u00eda. Al d\u00eda siguiente, lo llevar\u00e1n a inspecci\u00f3n y al d\u00eda siguiente para el primer lavado. En los d\u00edas siguientes, puede continuar con sus actividades sociales y diarias. \u00bfCu\u00e1nto dura el trasplante de cabello? El trasplante de cabello toma un promedio de [&hellip;]<\/p>\n","protected":false},"author":1,"featured_media":0,"parent":0,"menu_order":0,"comment_status":"closed","ping_status":"closed","template":"","meta":{"footnotes":""},"class_list":["post-474","page","type-page","status-publish","hentry"],"_links":{"self":[{"href":"https:\/\/www.hairtimeistanbul.com\/es\/wp-json\/wp\/v2\/pages\/474","targetHints":{"allow":["GET"]}}],"collection":[{"href":"https:\/\/www.hairtimeistanbul.com\/es\/wp-json\/wp\/v2\/pages"}],"about":[{"href":"https:\/\/www.hairtimeistanbul.com\/es\/wp-json\/wp\/v2\/types\/page"}],"author":[{"embeddable":true,"href":"https:\/\/www.hairtimeistanbul.com\/es\/wp-json\/wp\/v2\/users\/1"}],"replies":[{"embeddable":true,"href":"https:\/\/www.hairtimeistanbul.com\/es\/wp-json\/wp\/v2\/comments?post=474"}],"version-history":[{"count":7,"href":"https:\/\/www.hairtimeistanbul.com\/es\/wp-json\/wp\/v2\/pages\/474\/revisions"}],"predecessor-version":[{"id":771,"href":"https:\/\/www.hairtimeistanbul.com\/es\/wp-json\/wp\/v2\/pages\/474\/revisions\/771"}],"wp:attachment":[{"href":"https:\/\/www.hairtimeistanbul.com\/es\/wp-json\/wp\/v2\/media?parent=474"}],"curies":[{"name":"wp","href":"https:\/\/api.w.org\/{rel}","templated":true}]}}