{"id":485,"date":"2024-08-06T14:54:00","date_gmt":"2024-08-06T11:54:00","guid":{"rendered":"https:\/\/www.hairtimeistanbul.com\/es\/?page_id=485"},"modified":"2024-10-21T14:54:25","modified_gmt":"2024-10-21T11:54:25","slug":"declaracion-de-privacidad","status":"publish","type":"page","link":"https:\/\/www.hairtimeistanbul.com\/es\/declaracion-de-privacidad\/","title":{"rendered":"Declaracion de Privacidad"},"content":{"rendered":"<h2>Declaraci\u00f3n de privacidad Meditime BV<\/h2>\n<p>Esta es la declaraci\u00f3n de privacidad de la empresa privada con estructura normal Meditime BV, en adelante: Meditime.\u00a0Meditime est\u00e1 registrado en la C\u00e1mara de Comercio con el n\u00famero 72398841 y est\u00e1 ubicado en Rivium Boulevard 34 (2909LK) en Capelle aan den IJssel.\u00a0Este documento explica c\u00f3mo Meditime maneja el procesamiento de sus datos personales.\u00a0Meditime toma el mayor cuidado posible al procesar sus datos personales.<\/p>\n<h2>Obtenci\u00f3n de datos personales:<\/h2>\n<p>Si utiliza los servicios de Meditime, usted mismo proporciona una serie de datos personales a Meditime, o los datos personales se obtienen de usted en el contexto del acuerdo.\u00a0Se entiende por datos personales todos los datos relativos a una persona f\u00edsica identificada o identificable.<\/p>\n<h2>Categor\u00edas de datos personales<\/h2>\n<p>Meditime procesa las siguientes categor\u00edas de datos personales:<\/p>\n<ul>\n<li>Datos de contacto y nombre y direcci\u00f3n;<\/li>\n<li>Datos financieros;<\/li>\n<li>Uso de drogas y\/o informaci\u00f3n m\u00e9dica limitada en la medida necesaria;<\/li>\n<li>Otros datos personales proporcionados por usted<\/li>\n<\/ul>\n<h2>Finalidad del tratamiento<\/h2>\n<p>Los datos personales tratados por Meditime tienen como finalidad:<\/p>\n<ul>\n<li>Contactarlo para informarle sobre los servicios que ha comprado y su implementaci\u00f3n;<\/li>\n<li>Prestar sus servicios;<\/li>\n<li>Mejorar el servicio;<\/li>\n<li>Hacer pagos;<\/li>\n<li>Cumplimiento de obligaciones legales;<\/li>\n<li>Hacer expresiones de marketing y comunicaci\u00f3n;<\/li>\n<li>Mejorar el sitio web analizando el comportamiento de los visitantes en el sitio web;<\/li>\n<li>Env\u00edo de boletines;<\/li>\n<li>Intercambio de datos con terceros para la realizaci\u00f3n del servicio.<\/li>\n<\/ul>\n<h2>Procesamiento b\u00e1sico<\/h2>\n<p>El procesamiento de datos personales solo es posible por los siguientes motivos: (i) obligaci\u00f3n legal, (ii) ejecuci\u00f3n del acuerdo, (iii) permiso obtenido (expl\u00edcito) de los interesados \u200b\u200be (iv) inter\u00e9s leg\u00edtimo.\u00a0En la prestaci\u00f3n de los servicios de Meditime,<br \/>\ntratamiento de datos personales.\u00a0Meditime solo procesa los datos que Meditime considera necesarios para (mejorar) el servicio y maneja los datos (personales) que ha recopilado sobre usted y su uso de los servicios con cuidado.\u00a0La base para procesar estos datos es<br \/>\nel acuerdo que ha celebrado con Meditime.\u00a0Sus datos personales tambi\u00e9n pueden procesarse visitando el sitio web https:\/\/www.hairtimeistanbul.nl\/ si ha dado permiso para ello.<\/p>\n<h2>Necesita procesamiento<\/h2>\n<p>El tratamiento de sus datos personales es necesario para poder realizar el servicio.\u00a0Los servicios que ofrece Meditime no pueden realizarse en su totalidad sin procesar sus datos personales.\u00a0Si se requiere su permiso expl\u00edcito para fines espec\u00edficos con respecto a los datos personales, debe dar su permiso por separado.<\/p>\n<h2>Toma de decisiones automatizada<\/h2>\n<p>No hay toma de decisiones automatizada.<\/p>\n<h2>Periodo de retenci\u00f3n<\/h2>\n<p>Los datos personales procesados \u200b\u200bpor Meditime se almacenan de acuerdo con las leyes y reglamentos pertinentes.\u00a0Si es necesario un per\u00edodo de retenci\u00f3n m\u00e1s largo sobre la base de la legislaci\u00f3n o las reglamentaciones, los datos personales se conservar\u00e1n durante m\u00e1s tiempo de acuerdo con estos requisitos.\u00a0Todos los datos personales (obtenidos) no se conservar\u00e1n m\u00e1s tiempo del estrictamente necesario<\/p>\n<h2>Procesamiento por terceros<\/h2>\n<p>Meditime solo comparte datos personales con terceros si es estrictamente necesario para la ejecuci\u00f3n de un acuerdo y para cumplir con las leyes y reglamentos pertinentes.\u00a0No se venden datos personales.\u00a0Meditime puede tener la obligaci\u00f3n legal de compartir datos personales con terceros.\u00a0Si los datos personales se comparten con terceros, se concluyen acuerdos de procesamiento para esto.\u00a0Los terceros con los que se comparten datos personales son:<\/p>\n<ul>\n<li>El Proveedor de pago, con el fin de ejecutar un acuerdo.\u00a0Las categor\u00edas de datos personales que se procesan son datos financieros.<\/li>\n<li>El Tenedor de Libros, con el prop\u00f3sito de ejecutar un contrato.\u00a0Las categor\u00edas de datos personales que se procesan son datos de contacto y nombre y direcci\u00f3n y datos financieros.<\/li>\n<li>Proveedores de software, con el fin de ejecutar el acuerdo.\u00a0Las categor\u00edas de datos personales que se tratan son los datos de contacto y nombre y direcci\u00f3n.<\/li>\n<li>Administrador del sitio web, con el fin de ejecutar el acuerdo.\u00a0Las categor\u00edas de datos personales que se tratan son los datos de contacto y nombre y direcci\u00f3n.<\/li>\n<li>El tercero (m\u00e9dico) contratado con el fin de ejecutar el acuerdo.\u00a0Las categor\u00edas de datos personales que se procesan son los datos de contacto y nombre y direcci\u00f3n y los datos sobre el uso de medicamentos, as\u00ed como los datos m\u00e9dicos proporcionados.<\/li>\n<\/ul>\n<h2>Seguridad de los datos personales<\/h2>\n<p>Meditime se toma en serio la protecci\u00f3n de sus datos personales y tiene en cuenta el estado de la t\u00e9cnica, los costos de implementaci\u00f3n, as\u00ed como la naturaleza, el alcance, el contexto y los fines del procesamiento y los riesgos para los derechos y libertades de las personas, que difieren en probabilidad y gravedad, medidas t\u00e9cnicas y organizativas apropiadas para garantizar un nivel de seguridad adecuado al riesgo.<\/p>\n<h2>\u00bfMenores de 16 a\u00f1os?<\/h2>\n<p>Si es menor de edad, es decir, menor de 16 a\u00f1os, solo puede dar permiso para el procesamiento de sus datos personales con el permiso de uno de sus padres o tutor legal.\u00a0Entonces es importante que sus padres o tutores lean esta declaraci\u00f3n.\u00a0Tambi\u00e9n pueden ejercer los derechos que tiene con respecto a los datos personales que nos deja, como el derecho a oponerse al procesamiento (posterior) de sus datos personales o el derecho a acceder y corregir sus datos.<\/p>\n<h2>Descargo de responsabilidad<\/h2>\n<p>Al utilizar el sitio web, usted acepta el descargo de responsabilidad.\u00a0Meditime se reserva el derecho de cambiar el contenido de su sitio web y\/o este aviso legal en cualquier momento sin informar a sus clientes y\/o usuarios del sitio web sobre este cambio.\u00a0El contenido del sitio web est\u00e1 cuidado con el mayor<br \/>\ncuidado posible, pero no obstante puede contener posibles inexactitudes o estar incompleto.\u00a0Meditime no acepta responsabilidad alguna por los da\u00f1os causados \u200b\u200bo resultantes del uso del sitio web.\u00a0El uso de este sitio web es enteramente por cuenta y riesgo del usuario del sitio web.\u00a0No se pueden derivar derechos del contenido del sitio web.\u00a0Todos los textos del sitio web est\u00e1n protegidos por derechos de autor y son propiedad de Meditime en la medida en que no pertenezcan a terceros.<\/p>\n<h2>Declaraci\u00f3n de cookies<\/h2>\n<p>Meditime utiliza cookies t\u00e9cnicas y funcionales para optimizar el sitio web.\u00a0Las cookies son peque\u00f1os archivos de texto que se env\u00edan cuando visita un sitio web para que la experiencia de usuario de los visitantes sea m\u00e1s eficiente.\u00a0Meditime puede, por ley, almacenar cookies en su dispositivo si estas cookies son estrictamente necesarias para usar el sitio web.\u00a0Otros tipos de cookies requieren su permiso.\u00a0Recomendamos aceptar las cookies en relaci\u00f3n con la facilidad de uso del sitio web.\u00a0Los visitantes del sitio web tienen la opci\u00f3n de registrarse.<\/p>\n<p>Las cookies que utiliza Meditime son cookies funcionales: estas cookies aseguran que el sitio web funcione correctamente.\u00a0Estas cookies no tienen consecuencias para la privacidad, por lo que no es necesario solicitar ni conceder ning\u00fan permiso.\u00a0Con estas cookies, por ejemplo, la configuraci\u00f3n de su navegador se almacena para que nuestro sitio web se pueda ver mejor o para que el sitio web permanezca accesible (equilibrio de carga), pero tambi\u00e9n cookies que aseguran que no se puedan colocar otras cookies (no-follow).<\/p>\n<p>Con su permiso, colocamos \u201ccookies de seguimiento\u201d en su computadora.\u00a0Utilizamos estas cookies para realizar un seguimiento de las p\u00e1ginas que visita, con el fin de crear un perfil de su comportamiento en l\u00ednea.\u00a0Este perfil no est\u00e1 vinculado a su nombre, direcci\u00f3n, direcci\u00f3n de correo electr\u00f3nico y similares, sino solo para adaptar los anuncios a su perfil para que sean lo m\u00e1s relevantes posible para usted.<\/p>\n<p>Las cookies de Google tambi\u00e9n se colocan en el sitio web de Meditime con el prop\u00f3sito de Google Analytics.\u00a0No guardamos ninguna informaci\u00f3n sobre lo que haces en Internet.\u00a0Google Analytics puede estar obligado por las leyes y reglamentos aplicables a proporcionar acceso a estos datos.\u00a0Esto significa que Meditime no puede vincular informaci\u00f3n a una persona f\u00edsica.\u00a0Si tiene alguna pregunta al respecto, cont\u00e1ctenos en\u00a0info@hairtimeistanbul.nl.<\/p>\n<h2>Usa las redes sociales<\/h2>\n<p>Meditime utiliza cookies de terceros para optimizar el sitio web.\u00a0Algunas cookies son colocadas por servicios de terceros que aparecen en el sitio web.\u00a0Terceros significa Google Analytics y Social Media (Facebook, Instagram, Twitter y Youtube).\u00a0La pol\u00edtica de privacidad y cookies de la empresa correspondiente se aplica al uso de cookies de otras empresas (terceros).\u00a0Cuando hace clic en el bot\u00f3n Redes sociales en el sitio web, se coloca una cookie de redes sociales.\u00a0Esto permite que la parte de las redes sociales reconozca su direcci\u00f3n IP tan pronto como comparta un art\u00edculo del sitio web.\u00a0Para las cookies de las partes de las redes sociales y los datos y\/o datos personales que recopilan con ellas, Meditime lo remite a las declaraciones de privacidad y cookies de estas partes.<\/p>\n<h2>Configuraci\u00f3n del navegador<\/h2>\n<p>Si no desea que los sitios web coloquen cookies en su dispositivo que utiliza para ver el sitio web, puede ajustar la configuraci\u00f3n de su navegador.\u00a0Antes de colocar una cookie, recibir\u00e1 una advertencia y deber\u00e1 dar permiso para la cookie.\u00a0El no hacerlo puede, por ejemplo, hacer que el<br \/>\nsitio web funcione peor.\u00a0Puede ajustar la configuraci\u00f3n de su navegador para que rechace todas las cookies y tambi\u00e9n las cookies de terceros.\u00a0Tambi\u00e9n puede eliminar las cookies colocadas.\u00a0Para esto, debe ajustar la configuraci\u00f3n de su navegador a trav\u00e9s de las preferencias y luego puede ajustar la configuraci\u00f3n de privacidad.<\/p>\n<p>Esta declaraci\u00f3n de privacidad no se aplica a los sitios web de terceros que est\u00e1n conectados a este sitio web por medio de enlaces.\u00a0No podemos garantizar que estos terceros manejen sus datos personales de manera confiable o segura.\u00a0Le recomendamos que lea la declaraci\u00f3n de privacidad de estos sitios web antes de utilizar estos sitios web.<\/p>\n<h2>Derecho de los interesados<\/h2>\n<p>Como titular de los datos, usted tiene los siguientes derechos:<\/p>\n<ul>\n<li>derecho de acceso;\u00a0Como interesado, tienes derecho a obtener una respuesta definitiva sobre si se est\u00e1n tratando o no tus datos personales y, en tal caso, a inspeccionar el tratamiento de los mismos.<\/li>\n<li>derecho a la rectificaci\u00f3n;\u00a0Tiene derecho a obtener la rectificaci\u00f3n y completaci\u00f3n de los datos inexactos.<\/li>\n<li>Derecho de supresi\u00f3n;\u00a0Un sujeto de datos debe obtener la eliminaci\u00f3n de los datos personales que le conciernen sin demora indebida.<\/li>\n<li>Derecho a la limitaci\u00f3n del tratamiento;\u00a0Como sujeto de datos, tiene derecho a restringir el procesamiento de sus datos personales.\u00a0P\u00f3ngase en contacto con Meditime para esto.<\/li>\n<li>Derecho a la portabilidad de los datos;\u00a0El interesado tiene derecho a obtener los datos personales que le incumban y que haya facilitado a Meditime en un formato estructurado, de uso com\u00fan y lectura mec\u00e1nica, as\u00ed como a transferir estos datos a Meditime sin que lo impida el responsable del tratamiento al que se los haya facilitado. .<\/li>\n<li>derecho de oposici\u00f3n;<br \/>\nEl interesado tiene derecho a oponerse en cualquier momento, por motivos relacionados con su situaci\u00f3n particular, al tratamiento de los datos personales que le conciernen, incluida la elaboraci\u00f3n de perfiles en base a dichas disposiciones.\u00a0Meditime dejar\u00e1 de tratar los datos personales salvo que existan motivos leg\u00edtimos imperiosos para el tratamiento que superen los intereses, libertades y derechos del interesado que est\u00e9n relacionados con el ejercicio, establecimiento o sustanciaci\u00f3n de una<br \/>\nacci\u00f3n legal.<\/li>\n<\/ul>\n<h2>Queja<\/h2>\n<p>Si tiene una queja sobre la forma en que Meditime maneja sus datos personales, o si desea ejercer uno de los derechos anteriores, puede comunicarse con nosotros a trav\u00e9s del sitio web, por correo electr\u00f3nico\u00a0info@hairtimeistanbul.nl.\u00a0Para asegurarse de que desea ejercer un derecho, Meditime le pide que env\u00ede una copia de su prueba de identidad.\u00a0Puede ocultar su foto de pasaporte y MRZ (franja con n\u00fameros en la parte inferior) para proteger su privacidad.\u00a0Meditime responder\u00e1 a su solicitud lo antes posible, pero a m\u00e1s tardar dentro de las 4 semanas.\u00a0Tambi\u00e9n puede presentar una queja ante la Autoridad holandesa de protecci\u00f3n de datos.\u00a0Este es el \u00f3rgano de aplicaci\u00f3n competente.\u00a0Puede ponerse en contacto con nosotros a trav\u00e9s de este enlace: https:\/\/autoriteitpersoonsgegevens.nl\/nl\/contact-met-de-autoriteit-persoonsgegevens\/tip-ons.<\/p>\n<h2>Cambios Declaraci\u00f3n de privacidad<\/h2>\n<p>Meditime puede ajustar la declaraci\u00f3n de privacidad en cualquier momento.\u00a0La versi\u00f3n m\u00e1s reciente est\u00e1 publicada en el sitio web.\u00a0Por lo tanto, siempre est\u00e9 atento al sitio web para obtener la versi\u00f3n m\u00e1s reciente.\u00a0Si la nueva declaraci\u00f3n de privacidad tiene consecuencias en la forma en que procesamos los datos ya recopilados sobre usted, se lo informaremos por correo electr\u00f3nico.\u00a0Esta versi\u00f3n se adopt\u00f3 por \u00faltima vez el 24 de noviembre de 2020.<\/p>\n","protected":false},"excerpt":{"rendered":"<p>Declaraci\u00f3n de privacidad Meditime BV Esta es la declaraci\u00f3n de privacidad de la empresa privada con estructura normal Meditime BV, en adelante: Meditime.\u00a0Meditime est\u00e1 registrado en la C\u00e1mara de Comercio con el n\u00famero 72398841 y est\u00e1 ubicado en Rivium Boulevard 34 (2909LK) en Capelle aan den IJssel.\u00a0Este documento explica c\u00f3mo Meditime maneja el procesamiento de [&hellip;]<\/p>\n","protected":false},"author":1,"featured_media":0,"parent":0,"menu_order":0,"comment_status":"closed","ping_status":"closed","template":"","meta":{"footnotes":""},"class_list":["post-485","page","type-page","status-publish","hentry"],"_links":{"self":[{"href":"https:\/\/www.hairtimeistanbul.com\/es\/wp-json\/wp\/v2\/pages\/485","targetHints":{"allow":["GET"]}}],"collection":[{"href":"https:\/\/www.hairtimeistanbul.com\/es\/wp-json\/wp\/v2\/pages"}],"about":[{"href":"https:\/\/www.hairtimeistanbul.com\/es\/wp-json\/wp\/v2\/types\/page"}],"author":[{"embeddable":true,"href":"https:\/\/www.hairtimeistanbul.com\/es\/wp-json\/wp\/v2\/users\/1"}],"replies":[{"embeddable":true,"href":"https:\/\/www.hairtimeistanbul.com\/es\/wp-json\/wp\/v2\/comments?post=485"}],"version-history":[{"count":6,"href":"https:\/\/www.hairtimeistanbul.com\/es\/wp-json\/wp\/v2\/pages\/485\/revisions"}],"predecessor-version":[{"id":797,"href":"https:\/\/www.hairtimeistanbul.com\/es\/wp-json\/wp\/v2\/pages\/485\/revisions\/797"}],"wp:attachment":[{"href":"https:\/\/www.hairtimeistanbul.com\/es\/wp-json\/wp\/v2\/media?parent=485"}],"curies":[{"name":"wp","href":"https:\/\/api.w.org\/{rel}","templated":true}]}}