{"id":24,"date":"2024-05-29T17:19:33","date_gmt":"2024-05-29T14:19:33","guid":{"rendered":"https:\/\/www.hairtimeistanbul.com\/fr\/?page_id=24"},"modified":"2024-10-17T11:07:15","modified_gmt":"2024-10-17T08:07:15","slug":"avant-apres","status":"publish","type":"page","link":"https:\/\/www.hairtimeistanbul.com\/fr\/avant-apres\/","title":{"rendered":"Avant \u2013 Apr\u00e8s"},"content":{"rendered":"<h2>Greffe de cheveux avant \u2013 apr\u00e8s<\/h2>\n<p>En ce qui concerne \u00ab avant et apr\u00e8s la greffe de cheveux FUE \u00bb, la comparaison des images avant et apr\u00e8s la proc\u00e9dure est g\u00e9n\u00e9ralement envisag\u00e9e, mais les actions \u00e0 \u00e9viter et \u00e0 effectuer avant et apr\u00e8s la proc\u00e9dure doivent \u00e9galement \u00eatre incluses dans les pens\u00e9es.\u00a0Il convient de rappeler que la pr\u00e9paration avant et apr\u00e8s le processus de greffe de cheveux en saphir est importante, tout comme le processus de greffe de cheveux en saphir lui-m\u00eame.\u00a0\u00c0 notre \u00e9poque o\u00f9 nous nous concentrons davantage sur une approche ax\u00e9e sur les r\u00e9sultats, bien qu\u2019avant et apr\u00e8s la greffe de cheveux ne soient consid\u00e9r\u00e9s que comme des images avec des r\u00e9sultats clairs et excellents, il ne faut jamais ignorer qu\u2019\u00e0 cette fin, une planification minutieuse \u00e0 l\u2019avance, en suivant certaines recommandations m\u00e9dicales et un un bon suivi est n\u00e9cessaire.<\/p>\n","protected":false},"excerpt":{"rendered":"<p>Greffe de cheveux avant \u2013 apr\u00e8s En ce qui concerne \u00ab avant et apr\u00e8s la greffe de cheveux FUE \u00bb, la comparaison des images avant et apr\u00e8s la proc\u00e9dure est g\u00e9n\u00e9ralement envisag\u00e9e, mais les actions \u00e0 \u00e9viter et \u00e0 effectuer avant et apr\u00e8s la proc\u00e9dure doivent \u00e9galement \u00eatre incluses dans les pens\u00e9es.\u00a0Il convient de rappeler [&hellip;]<\/p>\n","protected":false},"author":1,"featured_media":0,"parent":0,"menu_order":0,"comment_status":"closed","ping_status":"closed","template":"template\/before-afer.php","meta":{"footnotes":""},"class_list":["post-24","page","type-page","status-publish","hentry"],"_links":{"self":[{"href":"https:\/\/www.hairtimeistanbul.com\/fr\/wp-json\/wp\/v2\/pages\/24","targetHints":{"allow":["GET"]}}],"collection":[{"href":"https:\/\/www.hairtimeistanbul.com\/fr\/wp-json\/wp\/v2\/pages"}],"about":[{"href":"https:\/\/www.hairtimeistanbul.com\/fr\/wp-json\/wp\/v2\/types\/page"}],"author":[{"embeddable":true,"href":"https:\/\/www.hairtimeistanbul.com\/fr\/wp-json\/wp\/v2\/users\/1"}],"replies":[{"embeddable":true,"href":"https:\/\/www.hairtimeistanbul.com\/fr\/wp-json\/wp\/v2\/comments?post=24"}],"version-history":[{"count":6,"href":"https:\/\/www.hairtimeistanbul.com\/fr\/wp-json\/wp\/v2\/pages\/24\/revisions"}],"predecessor-version":[{"id":818,"href":"https:\/\/www.hairtimeistanbul.com\/fr\/wp-json\/wp\/v2\/pages\/24\/revisions\/818"}],"wp:attachment":[{"href":"https:\/\/www.hairtimeistanbul.com\/fr\/wp-json\/wp\/v2\/media?parent=24"}],"curies":[{"name":"wp","href":"https:\/\/api.w.org\/{rel}","templated":true}]}}