{"id":474,"date":"2024-08-06T14:38:18","date_gmt":"2024-08-06T11:38:18","guid":{"rendered":"https:\/\/www.hairtimeistanbul.com\/fr\/?page_id=474"},"modified":"2024-10-17T11:05:54","modified_gmt":"2024-10-17T08:05:54","slug":"questions-frequentes","status":"publish","type":"page","link":"https:\/\/www.hairtimeistanbul.com\/fr\/questions-frequentes\/","title":{"rendered":"Questions Fr\u00e9quentes"},"content":{"rendered":"<div id=\"ez-toc-container\" class=\"ez-toc-v2_0_83 counter-hierarchy ez-toc-counter ez-toc-grey ez-toc-container-direction\">\n<div class=\"ez-toc-title-container\">\n<p class=\"ez-toc-title\" style=\"cursor:inherit\">Indice<\/p>\n<span class=\"ez-toc-title-toggle\"><a href=\"#\" class=\"ez-toc-pull-right ez-toc-btn ez-toc-btn-xs ez-toc-btn-default ez-toc-toggle\" aria-label=\"Toggle Table of Content\"><span class=\"ez-toc-js-icon-con\"><span class=\"\"><span class=\"eztoc-hide\" style=\"display:none;\">Toggle<\/span><span class=\"ez-toc-icon-toggle-span\"><svg style=\"fill: #999;color:#999\" xmlns=\"http:\/\/www.w3.org\/2000\/svg\" class=\"list-377408\" width=\"20px\" height=\"20px\" viewBox=\"0 0 24 24\" fill=\"none\"><path d=\"M6 6H4v2h2V6zm14 0H8v2h12V6zM4 11h2v2H4v-2zm16 0H8v2h12v-2zM4 16h2v2H4v-2zm16 0H8v2h12v-2z\" fill=\"currentColor\"><\/path><\/svg><svg style=\"fill: #999;color:#999\" class=\"arrow-unsorted-368013\" xmlns=\"http:\/\/www.w3.org\/2000\/svg\" width=\"10px\" height=\"10px\" viewBox=\"0 0 24 24\" version=\"1.2\" baseProfile=\"tiny\"><path d=\"M18.2 9.3l-6.2-6.3-6.2 6.3c-.2.2-.3.4-.3.7s.1.5.3.7c.2.2.4.3.7.3h11c.3 0 .5-.1.7-.3.2-.2.3-.5.3-.7s-.1-.5-.3-.7zM5.8 14.7l6.2 6.3 6.2-6.3c.2-.2.3-.5.3-.7s-.1-.5-.3-.7c-.2-.2-.4-.3-.7-.3h-11c-.3 0-.5.1-.7.3-.2.2-.3.5-.3.7s.1.5.3.7z\"\/><\/svg><\/span><\/span><\/span><\/a><\/span><\/div>\n<nav><ul class='ez-toc-list ez-toc-list-level-1 eztoc-toggle-hide-by-default' ><li class='ez-toc-page-1 ez-toc-heading-level-2'><a class=\"ez-toc-link ez-toc-heading-1\" href=\"https:\/\/www.hairtimeistanbul.com\/fr\/questions-frequentes\/#Questions_Frequemment_Posees\" >Questions Fr\u00e9quemment Pos\u00e9es<\/a><ul class='ez-toc-list-level-3' ><li class='ez-toc-heading-level-3'><a class=\"ez-toc-link ez-toc-heading-2\" href=\"https:\/\/www.hairtimeistanbul.com\/fr\/questions-frequentes\/#Pourquoi_Greffe_de_Cheveux_Turquie\" >Pourquoi Greffe de Cheveux Turquie?<\/a><\/li><li class='ez-toc-page-1 ez-toc-heading-level-3'><a class=\"ez-toc-link ez-toc-heading-3\" href=\"https:\/\/www.hairtimeistanbul.com\/fr\/questions-frequentes\/#De_combien_de_jours_ai-je_besoin_pour_une_procedure_de_greffe_de_cheveux\" >De combien de jours ai-je besoin pour une proc\u00e9dure de greffe de cheveux ?<\/a><\/li><li class='ez-toc-page-1 ez-toc-heading-level-3'><a class=\"ez-toc-link ez-toc-heading-4\" href=\"https:\/\/www.hairtimeistanbul.com\/fr\/questions-frequentes\/#Combien_de_temps_dure_la_greffe_de_cheveux_elle-meme\" >Combien de temps dure la greffe de cheveux elle-m\u00eame ?<\/a><\/li><li class='ez-toc-page-1 ez-toc-heading-level-3'><a class=\"ez-toc-link ez-toc-heading-5\" href=\"https:\/\/www.hairtimeistanbul.com\/fr\/questions-frequentes\/#Zal_het_te_zien_zijn_dat_ik_een_haartransplantatie_heb_gehad\" >Zal het te zien zijn dat ik een haartransplantatie heb gehad?<\/a><\/li><li class='ez-toc-page-1 ez-toc-heading-level-3'><a class=\"ez-toc-link ez-toc-heading-6\" href=\"https:\/\/www.hairtimeistanbul.com\/fr\/questions-frequentes\/#Ou_est_la_zone_donneuse\" >O\u00f9 est la zone donneuse ?<\/a><\/li><li class='ez-toc-page-1 ez-toc-heading-level-3'><a class=\"ez-toc-link ez-toc-heading-7\" href=\"https:\/\/www.hairtimeistanbul.com\/fr\/questions-frequentes\/#Des_cheveux_peuvent-ils_etre_implantes_sur_moi_sans_avoir_mes_cheveux_coupes_avant_la_chirurgie\" >Des cheveux peuvent-ils \u00eatre implant\u00e9s sur moi sans avoir mes cheveux coup\u00e9s avant la chirurgie ?<\/a><\/li><li class='ez-toc-page-1 ez-toc-heading-level-3'><a class=\"ez-toc-link ez-toc-heading-8\" href=\"https:\/\/www.hairtimeistanbul.com\/fr\/questions-frequentes\/#Y_a-t-il_des_frais_de_consultation\" >Y a-t-il des frais de consultation ?<\/a><\/li><li class='ez-toc-page-1 ez-toc-heading-level-3'><a class=\"ez-toc-link ez-toc-heading-9\" href=\"https:\/\/www.hairtimeistanbul.com\/fr\/questions-frequentes\/#Les_follicules_pileux_retires_de_la_zone_donneuse_repousseront-ils\" >Les follicules pileux retir\u00e9s de la zone donneuse repousseront-ils ?<\/a><\/li><li class='ez-toc-page-1 ez-toc-heading-level-3'><a class=\"ez-toc-link ez-toc-heading-10\" href=\"https:\/\/www.hairtimeistanbul.com\/fr\/questions-frequentes\/#Combien_de_cheveux_peut-on_greffer\" >Combien de cheveux peut-on greffer ?<\/a><\/li><li class='ez-toc-page-1 ez-toc-heading-level-3'><a class=\"ez-toc-link ez-toc-heading-11\" href=\"https:\/\/www.hairtimeistanbul.com\/fr\/questions-frequentes\/#Quand_verrai-je_le_resultat\" >Quand verrai-je le r\u00e9sultat ?<\/a><\/li><li class='ez-toc-page-1 ez-toc-heading-level-3'><a class=\"ez-toc-link ez-toc-heading-12\" href=\"https:\/\/www.hairtimeistanbul.com\/fr\/questions-frequentes\/#A_quoi_dois-je_faire_attention_avant_et_apres_la_greffe_de_cheveux\" >\u00c0 quoi dois-je faire attention avant et apr\u00e8s la greffe de cheveux ?<\/a><\/li><li class='ez-toc-page-1 ez-toc-heading-level-3'><a class=\"ez-toc-link ez-toc-heading-13\" href=\"https:\/\/www.hairtimeistanbul.com\/fr\/questions-frequentes\/#La_greffe_de_cheveux_est-elle_douloureuse\" >La greffe de cheveux est-elle douloureuse ?<\/a><\/li><li class='ez-toc-page-1 ez-toc-heading-level-3'><a class=\"ez-toc-link ez-toc-heading-14\" href=\"https:\/\/www.hairtimeistanbul.com\/fr\/questions-frequentes\/#Qui_sont_tous_eligibles_pour_une_greffe_de_cheveux\" >Qui sont tous \u00e9ligibles pour une greffe de cheveux?<\/a><\/li><li class='ez-toc-page-1 ez-toc-heading-level-3'><a class=\"ez-toc-link ez-toc-heading-15\" href=\"https:\/\/www.hairtimeistanbul.com\/fr\/questions-frequentes\/#Pourquoi_choisissons-nous_HairtimeIstanbul\" >Pourquoi choisissons-nous HairtimeIstanbul?<\/a><\/li><\/ul><\/li><\/ul><\/nav><\/div>\n<h2><span class=\"ez-toc-section\" id=\"Questions_Frequemment_Posees\"><\/span>Questions Fr\u00e9quemment Pos\u00e9es<span class=\"ez-toc-section-end\"><\/span><\/h2>\n<h3><span class=\"ez-toc-section\" id=\"Pourquoi_Greffe_de_Cheveux_Turquie\"><\/span>Pourquoi Greffe de Cheveux Turquie?<span class=\"ez-toc-section-end\"><\/span><\/h3>\n<p>Aujourd&rsquo;hui, beaucoup de gens pr\u00e9f\u00e8rent le traitement de greffe de cheveux Hollande comme rem\u00e8de contre la perte de cheveux. Le taux d&rsquo;int\u00e9r\u00eat et de pr\u00e9f\u00e9rence pour cette m\u00e9thode augmente de jour en jour. Surtout les gens qui voient les cheveux clairsem\u00e9s et la calvitie comme un manque de confiance en soi s&rsquo;appliquent \u00e0 ce traitement. Le traitement de\u00a0<a href=\"https:\/\/www.hairtimeistanbul.com\/fr\/\"><strong>greffe de cheveux turquie<\/strong><\/a>\u00a0qui a \u00e9t\u00e9 utilis\u00e9 pour la premi\u00e8re fois aux \u00c9tats-Unis dans les ann\u00e9es 1950, puis s&rsquo;est r\u00e9pandu dans le monde entier au fil des ans, fait partie des chirurgies esth\u00e9tiques les plus pr\u00e9f\u00e9r\u00e9es aujourd&rsquo;hui. Cette m\u00e9thode, de plus en plus populaire en raison de son caract\u00e8re naturel et permanent, vise \u00e0 transf\u00e9rer des follicules pileux sains vers les zones o\u00f9 le follicule pileux reste passif, gr\u00e2ce \u00e0 des proc\u00e9dures microchirurgicales. \u00c0 la suite de ces proc\u00e9dures, les patients ont des cheveux naturels et puissants.<\/p>\n<h3><span class=\"ez-toc-section\" id=\"De_combien_de_jours_ai-je_besoin_pour_une_procedure_de_greffe_de_cheveux\"><\/span>De combien de jours ai-je besoin pour une proc\u00e9dure de greffe de cheveux ?<span class=\"ez-toc-section-end\"><\/span><\/h3>\n<p>L&rsquo;op\u00e9ration se fait en une journ\u00e9e. Le lendemain vous viendrez pour un check-up et le lendemain pour le premier lavage. Dans les jours qui suivent, vous pouvez poursuivre vos activit\u00e9s sociales et quotidiennes.<\/p>\n<h3><span class=\"ez-toc-section\" id=\"Combien_de_temps_dure_la_greffe_de_cheveux_elle-meme\"><\/span>Combien de temps dure la greffe de cheveux elle-m\u00eame ?<span class=\"ez-toc-section-end\"><\/span><\/h3>\n<p>La greffe de cheveux prend en moyenne 6 \u00e0 8 heures. Nos sp\u00e9cialistes passent en moyenne deux heures \u00e0 pr\u00e9lever les follicules pileux. Ensuite, les canaux sont ouverts dans la zone requise. Cela prendra environ une heure. Le processus final o\u00f9 les poils sont remplac\u00e9s prend environ trois heures.<\/p>\n<h3><span class=\"ez-toc-section\" id=\"Zal_het_te_zien_zijn_dat_ik_een_haartransplantatie_heb_gehad\"><\/span>Zal het te zien zijn dat ik een haartransplantatie heb gehad?<span class=\"ez-toc-section-end\"><\/span><\/h3>\n<p>Na een FUE Saffier haartransplantatie worden er geen littekens overgehouden. Daarnaast worden de kanalen met een saffieren punt geopend, wat zal leiden tot een natuurlijk resultaat.<\/p>\n<h3><span class=\"ez-toc-section\" id=\"Ou_est_la_zone_donneuse\"><\/span>O\u00f9 est la zone donneuse ?<span class=\"ez-toc-section-end\"><\/span><\/h3>\n<p>La zone donneuse est situ\u00e9e \u00e0 l&rsquo;arri\u00e8re de votre t\u00eate, sous la couronne et derri\u00e8re les oreilles. Les follicules pileux sont les plus forts dans ces zones et cod\u00e9s comme \u00ab\u00a0poils qui ne tombent pas\u00a0\u00bb.<\/p>\n<h3><span class=\"ez-toc-section\" id=\"Des_cheveux_peuvent-ils_etre_implantes_sur_moi_sans_avoir_mes_cheveux_coupes_avant_la_chirurgie\"><\/span>Des cheveux peuvent-ils \u00eatre implant\u00e9s sur moi sans avoir mes cheveux coup\u00e9s avant la chirurgie ?<span class=\"ez-toc-section-end\"><\/span><\/h3>\n<p>Plus de 10 ans d&rsquo;exp\u00e9rience dans le secteur de la greffe de cheveux et plus de 50 000 patients reconnus internationalement.<\/p>\n<h3><span class=\"ez-toc-section\" id=\"Y_a-t-il_des_frais_de_consultation\"><\/span>Y a-t-il des frais de consultation ?<span class=\"ez-toc-section-end\"><\/span><\/h3>\n<p>Une consultation est gratuite et sans engagement.<\/p>\n<h3><span class=\"ez-toc-section\" id=\"Les_follicules_pileux_retires_de_la_zone_donneuse_repousseront-ils\"><\/span>Les follicules pileux retir\u00e9s de la zone donneuse repousseront-ils ?<span class=\"ez-toc-section-end\"><\/span><\/h3>\n<p>Les poils obtenus de la zone donneuse peuvent repousser de 40 %. C&rsquo;est parce que les follicules pileux sont coup\u00e9s en biais. Le tissu restant peut \u00e0 nouveau se d\u00e9velopper sous forme de nouveaux cheveux. Notre \u00e9quipe m\u00e9dicale est capable de travailler avec les meilleurs forets, donc les dommages seront minimes. En cons\u00e9quence, aucune anormalit\u00e9 ne sera remarqu\u00e9e.<\/p>\n<h3><span class=\"ez-toc-section\" id=\"Combien_de_cheveux_peut-on_greffer\"><\/span>Combien de cheveux peut-on greffer ?<span class=\"ez-toc-section-end\"><\/span><\/h3>\n<p>Il est important de poser 2 questions; Combien de poils pouvons-nous enlever en une seule s\u00e9ance et de combien de poils ai-je r\u00e9ellement besoin ? En moyenne, une personne a 60 \u00e0 80 greffons par cm2. Notre \u00e9quipe m\u00e9dicale est capable de greffer jusqu&rsquo;\u00e0 7 000 greffons en une seule s\u00e9ance. Il s&rsquo;agit d&rsquo;environ 17 000 \u00e0 18 000 cheveux. Lors d&rsquo;une consultation, la densit\u00e9 actuelle de vos cheveux est examin\u00e9e au moyen d&rsquo;une analyse capillaire pour voir quelle solution est possible pour vous.<\/p>\n<h3><span class=\"ez-toc-section\" id=\"Quand_verrai-je_le_resultat\"><\/span>Quand verrai-je le r\u00e9sultat ?<span class=\"ez-toc-section-end\"><\/span><\/h3>\n<p>Le r\u00e9sultat final est visible apr\u00e8s 9 \u00e0 12 mois.<\/p>\n<h3><span class=\"ez-toc-section\" id=\"A_quoi_dois-je_faire_attention_avant_et_apres_la_greffe_de_cheveux\"><\/span>\u00c0 quoi dois-je faire attention avant et apr\u00e8s la greffe de cheveux ?<span class=\"ez-toc-section-end\"><\/span><\/h3>\n<p>Vous trouverez ci-dessous les documents auxquels vous devez pr\u00eater attention avant et apr\u00e8s une greffe de cheveux.<\/p>\n<h3><span class=\"ez-toc-section\" id=\"La_greffe_de_cheveux_est-elle_douloureuse\"><\/span>La greffe de cheveux est-elle douloureuse ?<span class=\"ez-toc-section-end\"><\/span><\/h3>\n<p>Les greffes de cheveux sont r\u00e9alis\u00e9es sous anesth\u00e9sie locale. Ceci est r\u00e9alis\u00e9 sans injections. L&rsquo;anesth\u00e9sique est appliqu\u00e9 \u00e0 l&rsquo;aide d&rsquo;une technique sp\u00e9ciale de pulv\u00e9risation sous pression. 91\u00a0% de nos clients ne ressentent aucune douleur.<\/p>\n<h3><span class=\"ez-toc-section\" id=\"Qui_sont_tous_eligibles_pour_une_greffe_de_cheveux\"><\/span>Qui sont tous \u00e9ligibles pour une greffe de cheveux?<span class=\"ez-toc-section-end\"><\/span><\/h3>\n<p>Notre groupe cible est constitu\u00e9 d&rsquo;hommes et de femmes souffrant de perte de cheveux, mais \u00e9galement de personnes ayant une tache de naissance ou une plaie qui demandent une intervention esth\u00e9tique. Pensez aux cicatrices chirurgicales et aux br\u00fblures, qui ont entra\u00een\u00e9 la perte des cheveux. Il est possible de camoufler ces zones avec une greffe de cheveux.<\/p>\n<h3><span class=\"ez-toc-section\" id=\"Pourquoi_choisissons-nous_HairtimeIstanbul\"><\/span>Pourquoi choisissons-nous HairtimeIstanbul?<span class=\"ez-toc-section-end\"><\/span><\/h3>\n<p>HairTime\u0130stanbul a 14 ans d&rsquo;exp\u00e9rience dans la greffe de cheveux en tant qu&rsquo;entreprise. L&rsquo;\u00e9quipe a effectu\u00e9 des milliers de greffes r\u00e9ussies. HairtimeIstanbul est en avance sur les d\u00e9veloppements et travaille avec les derniers \u00e9quipements. De plus, les cliniques sont meubl\u00e9es de fa\u00e7on moderne et soumises \u00e0 des directives d&rsquo;hygi\u00e8ne strictes dans le domaine de la d\u00e9sinfection et de la st\u00e9rilisation. HairtimeIstanbul a obtenu une note de 9,9 sur le site Web, gr\u00e2ce \u00e0 la qualit\u00e9 des greffes de cheveux et au suivi r\u00e9ussi. Vous pouvez prendre rendez-vous avec l&rsquo;un de nos sp\u00e9cialistes pour des conseils sp\u00e9cifiques pour une greffe de cheveux.<\/p>\n","protected":false},"excerpt":{"rendered":"<p>Questions Fr\u00e9quemment Pos\u00e9es Pourquoi Greffe de Cheveux Turquie? Aujourd&rsquo;hui, beaucoup de gens pr\u00e9f\u00e8rent le traitement de greffe de cheveux Hollande comme rem\u00e8de contre la perte de cheveux. Le taux d&rsquo;int\u00e9r\u00eat et de pr\u00e9f\u00e9rence pour cette m\u00e9thode augmente de jour en jour. Surtout les gens qui voient les cheveux clairsem\u00e9s et la calvitie comme un manque [&hellip;]<\/p>\n","protected":false},"author":1,"featured_media":0,"parent":0,"menu_order":0,"comment_status":"closed","ping_status":"closed","template":"","meta":{"footnotes":""},"class_list":["post-474","page","type-page","status-publish","hentry"],"_links":{"self":[{"href":"https:\/\/www.hairtimeistanbul.com\/fr\/wp-json\/wp\/v2\/pages\/474","targetHints":{"allow":["GET"]}}],"collection":[{"href":"https:\/\/www.hairtimeistanbul.com\/fr\/wp-json\/wp\/v2\/pages"}],"about":[{"href":"https:\/\/www.hairtimeistanbul.com\/fr\/wp-json\/wp\/v2\/types\/page"}],"author":[{"embeddable":true,"href":"https:\/\/www.hairtimeistanbul.com\/fr\/wp-json\/wp\/v2\/users\/1"}],"replies":[{"embeddable":true,"href":"https:\/\/www.hairtimeistanbul.com\/fr\/wp-json\/wp\/v2\/comments?post=474"}],"version-history":[{"count":7,"href":"https:\/\/www.hairtimeistanbul.com\/fr\/wp-json\/wp\/v2\/pages\/474\/revisions"}],"predecessor-version":[{"id":816,"href":"https:\/\/www.hairtimeistanbul.com\/fr\/wp-json\/wp\/v2\/pages\/474\/revisions\/816"}],"wp:attachment":[{"href":"https:\/\/www.hairtimeistanbul.com\/fr\/wp-json\/wp\/v2\/media?parent=474"}],"curies":[{"name":"wp","href":"https:\/\/api.w.org\/{rel}","templated":true}]}}