{"id":474,"date":"2024-08-06T14:38:18","date_gmt":"2024-08-06T11:38:18","guid":{"rendered":"https:\/\/www.hairtimeistanbul.com\/it\/?page_id=474"},"modified":"2024-10-21T17:32:04","modified_gmt":"2024-10-21T14:32:04","slug":"f-a-q","status":"publish","type":"page","link":"https:\/\/www.hairtimeistanbul.com\/it\/f-a-q\/","title":{"rendered":"Domande Frequenti"},"content":{"rendered":"<h3>Quanti giorni ho perso per una chirurgia del trapianto di capelli?<\/h3>\n<p>L\u2019operazione \u00e8 completata entro un giorno. Il giorno dopo sarete presi per ispezione e il giorno successivo per il primo lavaggio. Nei giorni seguenti puoi continuare con le tue attivit\u00e0 sociali e quotidiane.<\/p>\n<h3>Quanto dura il trapianto di capelli?<\/h3>\n<p>Il trapianto di capelli richiede una media di 6 a 8 ore. I nostri specialisti stanno raccogliendo i follicoli piliferi per una media di due ore. Quindi i canali si aprono nell\u2019area richiesta. Ci vorr\u00e0 circa un\u2019ora. L\u2019ultimo processo di sostituzione dei capelli richieder\u00e0 circa tre ore.<\/p>\n<h3>Possono cadere i capelli impiantati?<\/h3>\n<p>I peli impiantati vengono ottenuti dalla regione donatrice. I capelli nella zona del donatore sono codificati come \u201ccapelli non caduti\u201d. Anche geneticamente, non \u00e8 possibile. I capelli cos\u00ec impiantati possono anche non subire perdite di capelli.<\/p>\n<h3>Sar\u00e0 visto che ho avuto un trapianto di capelli?<\/h3>\n<p>Dopo un trapianto di capelli FUE Saffier, non rimangono le cicatrici. Inoltre, vengono aperti i canali con un punto zaffiro, che porter\u00e0 ad un risultato naturale.<\/p>\n<h3>Dove \u00e8 la zona del donatore?<\/h3>\n<p>L\u2019area donatrice si trova sulla schiena, sotto la cresta e dietro le orecchie. I follicoli piliferi sono i pi\u00f9 forti e codificati in queste aree come \u201cpeli non caduti\u201d.<\/p>\n<h3>I capelli possono essere impiantati senza di aver aggiornato la mia acconciatura prima dell\u2019intervento?<\/h3>\n<p>\u00c8 possibile subire un trapianto di capelli senza rasatura dei capelli. Ci\u00f2 \u00e8 principalmente applicabile alle donne. Contattare uno dei nostri specialisti per discutere le possibilit\u00e0.<\/p>\n<h3>Torneranno i follicoli dei capelli rimossi dalla zona del donatore?<\/h3>\n<p>I peli ottenuti dalla regione dei donatori possono ripresentarsi al 40%. Questo perch\u00e9 i follicoli piliferi sono tagliati obliquamente. Il tessuto residuo pu\u00f2 ancora svilupparsi come un nuovo capello. Il nostro team medico \u00e8 in grado di lavorare con le migliori esercitazioni che riducono al minimo i danni. Di conseguenza, non saranno notate innaturalit\u00e0.<\/p>\n<h3>Quanti peli possono essere trapiantati?<\/h3>\n<p>\u00c8 importante porre due domande; Quanti capelli possiamo togliere in una sessione e quanti capelli mi serve veramente? In media, una persona ha 60-80 innesti per cm2. Il nostro team medico \u00e8 in grado di trapianto in 7000 innesti in una sessione. Questi sono circa 17.000-18.000 capelli. In una sessione di consultazione, un\u2019analisi dei capelli esamina la densit\u00e0 attuale dei tuoi capelli per vedere quale soluzione \u00e8 possibile con te.<\/p>\n<h3>Quando vedo il risultato?<\/h3>\n<p>Dopo 9 \u2013 12 mesi il risultato finale \u00e8 visibile. Cosa devo prendere in considerazione prima e dopo il trapianto di capelli? Di seguito troverai i documenti da seguire prima e dopo il trapianto di capelli. Il trapianto di capelli \u00e8 doloroso? Il trapianto di capelli diventa<\/p>\n","protected":false},"excerpt":{"rendered":"<p>Quanti giorni ho perso per una chirurgia del trapianto di capelli? L\u2019operazione \u00e8 completata entro un giorno. Il giorno dopo sarete presi per ispezione e il giorno successivo per il primo lavaggio. Nei giorni seguenti puoi continuare con le tue attivit\u00e0 sociali e quotidiane. Quanto dura il trapianto di capelli? Il trapianto di capelli richiede [&hellip;]<\/p>\n","protected":false},"author":1,"featured_media":0,"parent":0,"menu_order":0,"comment_status":"closed","ping_status":"closed","template":"","meta":{"footnotes":""},"class_list":["post-474","page","type-page","status-publish","hentry"],"_links":{"self":[{"href":"https:\/\/www.hairtimeistanbul.com\/it\/wp-json\/wp\/v2\/pages\/474","targetHints":{"allow":["GET"]}}],"collection":[{"href":"https:\/\/www.hairtimeistanbul.com\/it\/wp-json\/wp\/v2\/pages"}],"about":[{"href":"https:\/\/www.hairtimeistanbul.com\/it\/wp-json\/wp\/v2\/types\/page"}],"author":[{"embeddable":true,"href":"https:\/\/www.hairtimeistanbul.com\/it\/wp-json\/wp\/v2\/users\/1"}],"replies":[{"embeddable":true,"href":"https:\/\/www.hairtimeistanbul.com\/it\/wp-json\/wp\/v2\/comments?post=474"}],"version-history":[{"count":7,"href":"https:\/\/www.hairtimeistanbul.com\/it\/wp-json\/wp\/v2\/pages\/474\/revisions"}],"predecessor-version":[{"id":781,"href":"https:\/\/www.hairtimeistanbul.com\/it\/wp-json\/wp\/v2\/pages\/474\/revisions\/781"}],"wp:attachment":[{"href":"https:\/\/www.hairtimeistanbul.com\/it\/wp-json\/wp\/v2\/media?parent=474"}],"curies":[{"name":"wp","href":"https:\/\/api.w.org\/{rel}","templated":true}]}}