{"id":485,"date":"2024-08-06T14:54:00","date_gmt":"2024-08-06T11:54:00","guid":{"rendered":"https:\/\/www.hairtimeistanbul.com\/it\/?page_id=485"},"modified":"2024-10-21T17:34:45","modified_gmt":"2024-10-21T14:34:45","slug":"informativa-sulla-privacy","status":"publish","type":"page","link":"https:\/\/www.hairtimeistanbul.com\/it\/informativa-sulla-privacy\/","title":{"rendered":"Informativa Sulla Privacy"},"content":{"rendered":"<h2>Informativa sulla privacy Meditime BV<\/h2>\n<p>Questa \u00e8 l\u2019informativa sulla privacy della societ\u00e0 privata con struttura normale Meditime BV, di seguito: Meditime.\u00a0Meditime \u00e8 iscritta alla Camera di Commercio con il numero 72398841 e si trova in Rivium Boulevard 34 (2909LK) a Capelle aan den IJssel.\u00a0Questo documento spiega come Meditime gestisce il trattamento dei tuoi dati personali.\u00a0Meditime presta la massima attenzione al trattamento dei tuoi dati personali.<\/p>\n<h2>Ottenere i dati personali:<\/h2>\n<p>Se utilizzi i servizi di Meditime, fornisci tu stesso una serie di dati personali a Meditime, oppure i dati personali vengono ottenuti da te nel contesto del contratto.\u00a0Per dati personali si intendono tutti i dati relativi a una persona fisica identificata o identificabile.<\/p>\n<h2>Categorie di dati personali<\/h2>\n<p>Meditime tratta le seguenti categorie di dati personali:<\/p>\n<ul>\n<li>Dati di contatto e nome e indirizzo;<\/li>\n<li>Dati finanziari;<\/li>\n<li>Uso di droghe e\/o informazioni mediche limitate nella misura necessaria;<\/li>\n<li>Altri dati personali da Lei forniti<\/li>\n<\/ul>\n<h2>Finalit\u00e0 del trattamento<\/h2>\n<p>I dati personali trattati da Meditime hanno lo scopo di:<\/p>\n<ul>\n<li>Contattarti per informarti sui servizi che hai acquistato e sulla loro implementazione;<\/li>\n<li>Esecuzione dei suoi servizi;<\/li>\n<li>Migliorare il servizio;<\/li>\n<li>Effettuare pagamenti;<\/li>\n<li>Adempimento degli obblighi di legge;<\/li>\n<li>Fare espressioni di marketing e comunicazione;<\/li>\n<li>Migliorare il sito web analizzando il comportamento dei visitatori sul sito web;<\/li>\n<li>Invio di newsletter;<\/li>\n<li>Scambio di dati con soggetti terzi per l\u2019esecuzione del servizio.<\/li>\n<\/ul>\n<h2>Elaborazione di base<\/h2>\n<p>Il trattamento dei dati personali \u00e8 possibile solo per i seguenti motivi: (i) obbligo legale, (ii) esecuzione del contratto, (iii) autorizzazione (esplicita) ottenuta dagli interessati e (iv) legittimo interesse.\u00a0Durante la fornitura dei servizi di Meditime,<br \/>\nil trattamento dei dati personali.\u00a0Meditime elabora solo i dati che Meditime ritiene necessari per (migliorare) il servizio e gestisce con cura i dati (personali) che ha raccolto su di te e sul tuo utilizzo dei servizi.\u00a0La base per l\u2019elaborazione di questi dati \u00e8<br \/>\nl\u2019accordo che hai stipulato con Meditime.\u00a0I tuoi dati personali possono essere elaborati anche visitando il sito web https:\/\/www.hairtimeistanbul.nl\/ se ne hai dato il permesso.<\/p>\n<h2>Necessit\u00e0 di elaborazione<\/h2>\n<p>Il trattamento dei tuoi dati personali \u00e8 necessario per poter svolgere il servizio.\u00a0I servizi che Meditime offre non possono essere completamente eseguiti senza il trattamento dei tuoi dati personali.\u00a0Se la tua esplicita autorizzazione \u00e8 richiesta per scopi specifici in relazione ai dati personali, devi concedere l\u2019autorizzazione separatamente.<\/p>\n<h2>Processo decisionale automatizzato<\/h2>\n<p>Non esiste un processo decisionale automatizzato<\/p>\n<h2>Periodo di conservazione<\/h2>\n<p>I dati personali trattati da Meditime sono conservati in conformit\u00e0 alle leggi e ai regolamenti in materia.\u00a0Qualora sia necessario un periodo di conservazione pi\u00f9 lungo sulla base di leggi o regolamenti, i dati personali saranno conservati pi\u00f9 a lungo in conformit\u00e0 a tali requisiti.\u00a0Tutti i dati personali (ottenuti) non saranno conservati pi\u00f9 a lungo di quanto strettamente necessario<\/p>\n<h2>Trattamento da parte di terzi<\/h2>\n<p>Meditime condivide i dati personali con terze parti solo se ci\u00f2 \u00e8 strettamente necessario per l\u2019esecuzione di un contratto e per conformarsi alle leggi e ai regolamenti pertinenti.\u00a0Nessun dato personale viene venduto.\u00a0Meditime potrebbe avere l\u2019obbligo legale di condividere i dati personali con terze parti.\u00a0Se i dati personali vengono condivisi con terzi, a tal fine vengono conclusi accordi di elaborazione.\u00a0Le terze parti con cui vengono condivisi i dati personali sono:<\/p>\n<ul>\n<li>Il Payment Provider, ai fini dell\u2019esecuzione di un contratto.\u00a0Le categorie di dati personali oggetto di trattamento sono dati finanziari.<\/li>\n<li>Il contabile, ai fini dell\u2019esecuzione di un contratto.\u00a0Le categorie di dati personali oggetto di trattamento sono dati di contatto e nominativi e indirizzi e dati finanziari.<\/li>\n<li>Fornitori di software, ai fini dell\u2019esecuzione dell\u2019accordo.\u00a0Le categorie di dati personali oggetto di trattamento sono il contatto, il nome e l\u2019indirizzo.<\/li>\n<li>Amministratore del sito web, ai fini dell\u2019esecuzione del contratto.\u00a0Le categorie di dati personali oggetto di trattamento sono il contatto, il nome e l\u2019indirizzo.<\/li>\n<li>La terza parte (medico) impegnata ai fini dell\u2019esecuzione dell\u2019accordo.\u00a0Le categorie di dati personali che vengono trattati sono i dati di contatto, nome e indirizzo e i dati relativi all\u2019uso di farmaci, nonch\u00e9 i dati medici forniti.<\/li>\n<\/ul>\n<h2>Sicurezza dei Dati Personali<\/h2>\n<p>Meditime prende sul serio la protezione dei tuoi dati personali e tiene conto dello stato dell\u2019arte, dei costi di attuazione, nonch\u00e9 della natura, dell\u2019ambito, del contesto e delle finalit\u00e0 del trattamento e dei rischi per i diritti e le libert\u00e0 delle persone, che differiscono per probabilit\u00e0 e seriet\u00e0, misure tecniche e organizzative adeguate per garantire un livello di sicurezza adeguato al rischio.<\/p>\n<h2>Sotto i 16 anni?<\/h2>\n<p>Se sei minorenne, cio\u00e8 di et\u00e0 inferiore ai 16 anni, puoi autorizzare il trattamento dei tuoi dati personali solo con il permesso di uno dei tuoi genitori o tutore legale.\u00a0\u00c8 quindi importante che i tuoi genitori o tutori leggano questa dichiarazione.\u00a0Possono inoltre esercitare i diritti che hai in relazione ai dati personali che ci lasci, come il diritto di opporsi al (ulteriore) trattamento dei tuoi dati personali o il diritto di accedere e correggere i tuoi dati.<\/p>\n<h2>Disclaimer<\/h2>\n<p>Utilizzando il sito web accetti il \u200b\u200bdisclaimer.\u00a0Meditime si riserva il diritto di modificare il contenuto del proprio sito Web e\/o questo disclaimer in qualsiasi momento senza informare i propri clienti e\/o utenti del sito Web di tale modifica.\u00a0Il contenuto del sito web \u00e8 curato con la massima<br \/>\ncura, ma pu\u00f2 comunque contenere eventuali imprecisioni o essere incompleto.\u00a0Meditime non si assume alcuna responsabilit\u00e0 per danni causati o risultanti dall\u2019uso del sito web.\u00a0L\u2019uso di questo sito Web \u00e8 interamente a spese e rischio dell\u2019utente del sito Web.\u00a0Nessun diritto pu\u00f2 essere derivato dal contenuto del sito web.\u00a0Tutti i testi presenti nel sito sono protetti da copyright e di propriet\u00e0 di Meditime in quanto non appartengono a terzi.<\/p>\n<h2>Dichiarazione sui cookie<\/h2>\n<p>Meditime utilizza cookie tecnici e funzionali per ottimizzare il sito.\u00a0I cookie sono piccoli file di testo che vengono inviati durante la visita di un sito Web per rendere pi\u00f9 efficiente l\u2019esperienza utente dei visitatori.\u00a0Meditime pu\u00f2, per legge, memorizzare cookie sul tuo dispositivo se questi cookie sono strettamente necessari per utilizzare il sito web.\u00a0Altri tipi di cookie richiedono la tua autorizzazione.\u00a0Raccomandiamo di accettare i cookie in relazione alla facilit\u00e0 d\u2019uso del sito web.\u00a0I visitatori del sito web hanno un\u2019opzione di check-in.<\/p>\n<p>I cookie utilizzati da Meditime sono cookie funzionali: questi cookie garantiscono il corretto funzionamento del sito web.\u00a0Questi cookie non hanno conseguenze per la privacy, quindi non \u00e8 necessario richiedere e concedere alcun permesso.\u00a0Con questi cookie, ad esempio, vengono memorizzate le impostazioni del browser in modo che il nostro sito Web possa essere visualizzato al meglio o che il sito Web rimanga accessibile (bilanciamento del carico), ma anche cookie che assicurano che non vengano inseriti altri cookie (no-follow).<\/p>\n<p>Con la tua autorizzazione inseriamo \u201ctracking cookie\u201d sul tuo computer.\u00a0Utilizziamo questi cookie per tenere traccia di quali pagine visiti, al fine di costruire un profilo del tuo comportamento online.\u00a0Questo profilo non \u00e8 collegato al tuo nome, indirizzo, indirizzo e-mail e simili, ma solo per adattare le pubblicit\u00e0 al tuo profilo in modo che siano il pi\u00f9 pertinenti possibile per te.<\/p>\n<p>I cookie di Google vengono inseriti anche sul sito web Meditime ai fini di Google Analytics.\u00a0Non conserviamo alcuna informazione su ci\u00f2 che fai su Internet.\u00a0Google Analytics potrebbe essere richiesto dalle leggi e dai regolamenti applicabili per fornire l\u2019accesso a questi dati.\u00a0Ci\u00f2 significa che Meditime non pu\u00f2 collegare le informazioni a una persona fisica.\u00a0In caso di domande al riguardo, contattaci all\u2019indirizzo\u00a0info@hairtimeistanbul.nl.<\/p>\n<h2>Usa i social media<\/h2>\n<p>Meditime utilizza cookie di terze parti per ottimizzare il sito web.\u00a0Alcuni cookie sono inseriti da servizi di terze parti che compaiono sul sito.\u00a0Per terze parti si intendono Google Analytics e Social Media (Facebook, Instagram, Twitter e Youtube).\u00a0La politica sulla privacy e sui cookie della societ\u00e0 interessata si applica all\u2019utilizzo di cookie di altre societ\u00e0 (terze parti).\u00a0Quando si fa clic sul pulsante Social Media sul sito Web, viene inserito un cookie di Social Media.\u00a0Ci\u00f2 consente al social media party di riconoscere il tuo indirizzo IP non appena condividi un articolo dal sito web.\u00a0Per i cookie delle parti Social Media e per i dati e\/o i dati personali che raccolgono con essi, Meditime rimanda alle informative sulla privacy e sui cookie di queste parti.<\/p>\n<h2>Impostazioni del browser<\/h2>\n<p>Se non desideri che i siti Web inseriscano cookie sul tuo dispositivo che utilizzi per visualizzare il sito Web, puoi regolare le impostazioni del tuo browser.\u00a0Prima che un cookie venga inserito, riceverai un avviso e dovrai autorizzare il cookie.\u00a0In caso contrario, ad esempio, il<br \/>\nsito Web potrebbe funzionare meno bene.\u00a0Puoi regolare le impostazioni del tuo browser in modo che il tuo browser rifiuti tutti i cookie e anche i cookie di terze parti.\u00a0Puoi anche eliminare i cookie inseriti.\u00a0Per questo devi regolare le impostazioni del tuo browser tramite le preferenze e quindi puoi regolare le impostazioni sulla privacy.<\/p>\n<p>La presente informativa sulla privacy non si applica ai siti Web di terzi collegati a questo sito Web tramite link.\u00a0Non possiamo garantire che queste terze parti gestiranno i tuoi dati personali in modo affidabile o sicuro.\u00a0Ti consigliamo di leggere l\u2019informativa sulla privacy di questi siti Web prima di utilizzare questi siti Web.<\/p>\n<h2>Diritto degli interessati<\/h2>\n<p>In qualit\u00e0 di interessato hai i seguenti diritti:<\/p>\n<ul>\n<li>Diritto di accesso;\u00a0In qualit\u00e0 di interessato, hai il diritto di ottenere una risposta definitiva in merito al fatto che sia o meno in corso un trattamento dei tuoi dati personali e, in tal caso, di prendere visione del trattamento degli stessi.<\/li>\n<li>Diritto di rettifica;\u00a0Hai il diritto di ottenere la rettifica e l\u2019integrazione dei dati errati.<\/li>\n<li>Diritto alla cancellazione;\u00a0L\u2019interessato deve ottenere la cancellazione dei dati personali che lo riguardano senza ingiustificato ritardo.<\/li>\n<li>Diritto alla limitazione del trattamento;\u00a0In qualit\u00e0 di interessato, hai il diritto di limitare il trattamento dei tuoi dati personali.\u00a0Si prega di contattare Meditime per questo.<\/li>\n<li>Diritto alla portabilit\u00e0 dei dati;\u00a0L\u2019interessato ha diritto di ottenere in un formato strutturato, di uso comune e leggibile da dispositivo automatico i dati personali che lo riguardano forniti a Meditime, nonch\u00e9 di trasferire tali dati a Meditime senza essere impedito dal titolare del trattamento cui sono stati forniti .<\/li>\n<li>Diritto di opposizione;<br \/>\nL\u2019interessato ha diritto di opporsi in qualsiasi momento, per motivi connessi alla sua situazione particolare, al trattamento dei dati personali che lo riguardano, compresa la profilazione basata su tali disposizioni.\u00a0Meditime cesser\u00e0 il trattamento dei dati personali a meno che non sussistano motivi legittimi impellenti per il trattamento che prevalgono sugli interessi, le libert\u00e0 e i diritti dell\u2019interessato relativi all\u2019esercizio, all\u2019instaurazione o alla motivazione di<br \/>\nun\u2019azione legale.<\/li>\n<\/ul>\n<h2>Rimostranza<\/h2>\n<p>Se hai un reclamo sul modo in cui Meditime gestisce i tuoi dati personali, o se desideri esercitare uno dei diritti di cui sopra, puoi contattarci tramite il sito Web, tramite e-mail\u00a0info@hairtimeistanbul.nl.\u00a0Per essere certo che desideri esercitare un diritto, Meditime ti chiede di inviare una copia della tua prova di identit\u00e0.\u00a0Puoi oscurare la foto del passaporto e la MRZ (striscia con i numeri in basso) per proteggere la tua privacy.\u00a0Meditime risponder\u00e0 alla tua richiesta il prima possibile, ma al massimo entro 4 settimane.\u00a0Puoi anche presentare un reclamo all\u2019Autorit\u00e0 olandese per la protezione dei dati.\u00a0Questo \u00e8 l\u2019organo competente per l\u2019esecuzione.\u00a0Puoi contattarci tramite questo link: https:\/\/autoriteitpersoonsgegevens.nl\/nl\/contact-met-de-autoriteit-persoonsgegevens\/tip-ons.<\/p>\n<h2>Modifiche Informativa sulla privacy<\/h2>\n<p>Meditime pu\u00f2 modificare l\u2019informativa sulla privacy in qualsiasi momento.\u00a0La versione pi\u00f9 recente \u00e8 pubblicata sul sito.\u00a0Pertanto, tieni sempre d\u2019occhio il sito Web per la versione pi\u00f9 recente.\u00a0Qualora la nuova informativa sulla privacy abbia conseguenze per il modo in cui trattiamo i dati gi\u00e0 raccolti che La riguardano, La informeremo via e-mail.\u00a0Questa versione \u00e8 stata adottata l\u2019ultima volta il 24 novembre 2020.<\/p>\n","protected":false},"excerpt":{"rendered":"<p>Informativa sulla privacy Meditime BV Questa \u00e8 l\u2019informativa sulla privacy della societ\u00e0 privata con struttura normale Meditime BV, di seguito: Meditime.\u00a0Meditime \u00e8 iscritta alla Camera di Commercio con il numero 72398841 e si trova in Rivium Boulevard 34 (2909LK) a Capelle aan den IJssel.\u00a0Questo documento spiega come Meditime gestisce il trattamento dei tuoi dati personali.\u00a0Meditime [&hellip;]<\/p>\n","protected":false},"author":1,"featured_media":0,"parent":0,"menu_order":0,"comment_status":"closed","ping_status":"closed","template":"","meta":{"footnotes":""},"class_list":["post-485","page","type-page","status-publish","hentry"],"_links":{"self":[{"href":"https:\/\/www.hairtimeistanbul.com\/it\/wp-json\/wp\/v2\/pages\/485","targetHints":{"allow":["GET"]}}],"collection":[{"href":"https:\/\/www.hairtimeistanbul.com\/it\/wp-json\/wp\/v2\/pages"}],"about":[{"href":"https:\/\/www.hairtimeistanbul.com\/it\/wp-json\/wp\/v2\/types\/page"}],"author":[{"embeddable":true,"href":"https:\/\/www.hairtimeistanbul.com\/it\/wp-json\/wp\/v2\/users\/1"}],"replies":[{"embeddable":true,"href":"https:\/\/www.hairtimeistanbul.com\/it\/wp-json\/wp\/v2\/comments?post=485"}],"version-history":[{"count":6,"href":"https:\/\/www.hairtimeistanbul.com\/it\/wp-json\/wp\/v2\/pages\/485\/revisions"}],"predecessor-version":[{"id":782,"href":"https:\/\/www.hairtimeistanbul.com\/it\/wp-json\/wp\/v2\/pages\/485\/revisions\/782"}],"wp:attachment":[{"href":"https:\/\/www.hairtimeistanbul.com\/it\/wp-json\/wp\/v2\/media?parent=485"}],"curies":[{"name":"wp","href":"https:\/\/api.w.org\/{rel}","templated":true}]}}