{"id":24,"date":"2024-05-29T17:19:33","date_gmt":"2024-05-29T14:19:33","guid":{"rendered":"https:\/\/www.hairtimeistanbul.com\/tr\/?page_id=24"},"modified":"2024-10-21T11:46:22","modified_gmt":"2024-10-21T08:46:22","slug":"sac-ekimi-oncesi-sonrasi","status":"publish","type":"page","link":"https:\/\/www.hairtimeistanbul.com\/tr\/sac-ekimi-oncesi-sonrasi\/","title":{"rendered":"Sa\u00e7 Ekimi \u00d6ncesi ve Sonras\u0131"},"content":{"rendered":"<h2>Sa\u00e7 Ekimi \u00d6ncesi \u2013 Sonras\u0131<\/h2>\n<p>FUE sa\u00e7 ekimi \u00f6ncesi ve sonras\u0131 denilince genellikle i\u015flem \u00f6ncesi ve sonras\u0131 resimlerin kar\u015f\u0131la\u015ft\u0131r\u0131lmas\u0131 d\u00fc\u015f\u00fcn\u00fcl\u00fcr ancak i\u015flem \u00f6ncesi ve sonras\u0131 yap\u0131lmas\u0131 ve yap\u0131lmamas\u0131 gerekenler de d\u00fc\u015f\u00fcnceler aras\u0131nda yer almal\u0131d\u0131r. Safir sa\u00e7 ekimi i\u015fleminin kendisi kadar, safir sa\u00e7 ekimi \u00f6ncesi ve sonras\u0131 haz\u0131rl\u0131\u011f\u0131n da \u00f6nemli oldu\u011fu unutulmamal\u0131d\u0131r. Sonu\u00e7 odakl\u0131 bir yakla\u015f\u0131ma daha fazla odakland\u0131\u011f\u0131m\u0131z zaman\u0131m\u0131zda, sa\u00e7 ekimi \u00f6ncesi ve sonras\u0131 sadece net ve m\u00fckemmel sonu\u00e7lara sahip resimler olarak kabul edilse de, bu ama\u00e7la \u00f6nceden dikkatli bir planlama, baz\u0131 t\u0131bbi tavsiyeler ve bir tak\u0131m t\u0131bbi tavsiyeler izlenerek, sa\u00e7 ekimi \u00f6ncesi ve sonras\u0131 kesinlikle g\u00f6z ard\u0131 edilmemelidir. iyi bir bak\u0131m sonras\u0131 gereklidir.<\/p>\n","protected":false},"excerpt":{"rendered":"<p>Sa\u00e7 Ekimi \u00d6ncesi \u2013 Sonras\u0131 FUE sa\u00e7 ekimi \u00f6ncesi ve sonras\u0131 denilince genellikle i\u015flem \u00f6ncesi ve sonras\u0131 resimlerin kar\u015f\u0131la\u015ft\u0131r\u0131lmas\u0131 d\u00fc\u015f\u00fcn\u00fcl\u00fcr ancak i\u015flem \u00f6ncesi ve sonras\u0131 yap\u0131lmas\u0131 ve yap\u0131lmamas\u0131 gerekenler de d\u00fc\u015f\u00fcnceler aras\u0131nda yer almal\u0131d\u0131r. Safir sa\u00e7 ekimi i\u015fleminin kendisi kadar, safir sa\u00e7 ekimi \u00f6ncesi ve sonras\u0131 haz\u0131rl\u0131\u011f\u0131n da \u00f6nemli oldu\u011fu unutulmamal\u0131d\u0131r. Sonu\u00e7 odakl\u0131 bir yakla\u015f\u0131ma [&hellip;]<\/p>\n","protected":false},"author":1,"featured_media":0,"parent":0,"menu_order":0,"comment_status":"closed","ping_status":"closed","template":"template\/before-afer.php","meta":{"footnotes":""},"class_list":["post-24","page","type-page","status-publish","hentry"],"_links":{"self":[{"href":"https:\/\/www.hairtimeistanbul.com\/tr\/wp-json\/wp\/v2\/pages\/24","targetHints":{"allow":["GET"]}}],"collection":[{"href":"https:\/\/www.hairtimeistanbul.com\/tr\/wp-json\/wp\/v2\/pages"}],"about":[{"href":"https:\/\/www.hairtimeistanbul.com\/tr\/wp-json\/wp\/v2\/types\/page"}],"author":[{"embeddable":true,"href":"https:\/\/www.hairtimeistanbul.com\/tr\/wp-json\/wp\/v2\/users\/1"}],"replies":[{"embeddable":true,"href":"https:\/\/www.hairtimeistanbul.com\/tr\/wp-json\/wp\/v2\/comments?post=24"}],"version-history":[{"count":6,"href":"https:\/\/www.hairtimeistanbul.com\/tr\/wp-json\/wp\/v2\/pages\/24\/revisions"}],"predecessor-version":[{"id":815,"href":"https:\/\/www.hairtimeistanbul.com\/tr\/wp-json\/wp\/v2\/pages\/24\/revisions\/815"}],"wp:attachment":[{"href":"https:\/\/www.hairtimeistanbul.com\/tr\/wp-json\/wp\/v2\/media?parent=24"}],"curies":[{"name":"wp","href":"https:\/\/api.w.org\/{rel}","templated":true}]}}