{"id":474,"date":"2024-08-06T14:38:18","date_gmt":"2024-08-06T11:38:18","guid":{"rendered":"https:\/\/www.hairtimeistanbul.com\/tr\/?page_id=474"},"modified":"2024-10-21T11:55:37","modified_gmt":"2024-10-21T08:55:37","slug":"sikca-sorulan-sorular","status":"publish","type":"page","link":"https:\/\/www.hairtimeistanbul.com\/tr\/sikca-sorulan-sorular\/","title":{"rendered":"S\u0131k Sorulan Sorular"},"content":{"rendered":"<h2 style=\"text-align: center;\">Sa\u00e7 Ekimi S\u0131k\u00e7a Sorulan Sorular<\/h2>\n<h3>Sa\u00e7 ekimi i\u015flemi i\u00e7in ka\u00e7 g\u00fcne ihtiyac\u0131m var?<\/h3>\n<p>\u0130\u015flem bir g\u00fcn i\u00e7inde yap\u0131l\u0131r. Ertesi g\u00fcn kontrole, ertesi g\u00fcn ilk y\u0131kamaya geleceksiniz. \u0130lerleyen g\u00fcnlerde sosyal ve g\u00fcnl\u00fck aktivitelerinize devam edebilirsiniz.<\/p>\n<h3>Sa\u00e7 ekiminin kendisi ne kadar s\u00fcrer?<\/h3>\n<p>Sa\u00e7 ekimi ortalama 6-8 saat s\u00fcrer. Uzmanlar\u0131m\u0131z sa\u00e7 k\u00f6klerini toplamak i\u00e7in ortalama iki saat harcarlar. Daha sonra gerekli alanda kanallar a\u00e7\u0131l\u0131r. Bu yakla\u015f\u0131k bir saat s\u00fcrecek. K\u0131llar\u0131n de\u011fi\u015ftirildi\u011fi son i\u015flem yakla\u015f\u0131k \u00fc\u00e7 saat s\u00fcrer.<\/p>\n<h3>Ekilen sa\u00e7lar d\u00f6k\u00fclebilir mi?<\/h3>\n<p>Ekilen sa\u00e7lar don\u00f6r b\u00f6lgeden elde edilir. Don\u00f6r alandaki sa\u00e7lar \u201cd\u00f6k\u00fclmeyen sa\u00e7lar\u201d olarak kodlan\u0131r. Genetik olarak da m\u00fcmk\u00fcn de\u011fildir. Bu nedenle ekilen sa\u00e7lar sa\u00e7 d\u00f6k\u00fclmesine neden olmaz.<\/p>\n<h3>Sa\u00e7 ekimi yapt\u0131rd\u0131\u011f\u0131m\u0131 g\u00f6sterir mi?<\/h3>\n<p>FUE Safir sa\u00e7 ekimi sonras\u0131 iz kalmaz. Ayr\u0131ca safir ucu olan kanallar a\u00e7\u0131larak do\u011fal bir sonu\u00e7 elde edilir.<\/p>\n<h3>Don\u00f6r alan\u0131 nerede?<\/h3>\n<p>Don\u00f6r b\u00f6lge ba\u015f\u0131n\u0131z\u0131n arkas\u0131nda, ta\u00e7 alt\u0131nda ve kulaklar\u0131n arkas\u0131nda bulunur. Sa\u00e7 k\u00f6kleri bu b\u00f6lgelerde en g\u00fc\u00e7l\u00fcd\u00fcr ve \u201cd\u00f6k\u00fclmeyen sa\u00e7lar\u201d olarak kodlan\u0131r.<\/p>\n<h3>Ameliyattan \u00f6nce sa\u00e7lar\u0131m kesilmeden sa\u00e7 ekimi yap\u0131labilir mi?<\/h3>\n<p>Sa\u00e7 ekimi sekt\u00f6r\u00fcnde 10 y\u0131l\u0131 a\u015fk\u0131n deneyim ve 50.000&#8217;den fazla uluslararas\u0131 kabul g\u00f6rm\u00fc\u015f hasta.<\/p>\n<h3>Dan\u0131\u015fmanl\u0131k \u00fccreti var m\u0131?<\/h3>\n<p>Dan\u0131\u015fmanl\u0131k \u00fccretsizdir ve herhangi bir y\u00fck\u00fcml\u00fcl\u00fck alt\u0131na girmez.<\/p>\n<h3>Don\u00f6r b\u00f6lgeden al\u0131nan sa\u00e7 k\u00f6kleri tekrar \u00e7\u0131kar m\u0131?<\/h3>\n<p>Don\u00f6r b\u00f6lgeden al\u0131nan sa\u00e7lar %40 oran\u0131nda tekrar \u00e7\u0131kabilmektedir. Bunun nedeni sa\u00e7 k\u00f6klerinin a\u00e7\u0131l\u0131 olarak kesilmesidir. Kalan doku tekrar yeni sa\u00e7 olarak geli\u015febilir. T\u0131bbi ekibimiz en iyi matkap u\u00e7lar\u0131yla \u00e7al\u0131\u015fabilir, bu nedenle hasar minimum olacakt\u0131r. Sonu\u00e7 olarak, hi\u00e7bir do\u011fall\u0131k fark edilmeyecektir.<\/p>\n<h3>Ka\u00e7 sa\u00e7 ekilebilir?<\/h3>\n<p>2 soru sormak \u00f6nemlidir; Bir seansta ka\u00e7 t\u00fcy\u00fc alabiliriz ve asl\u0131nda ka\u00e7 t\u00fcye ihtiyac\u0131m var? Ortalama olarak bir ki\u015fide cm2&#8217;ye 60-80 greft olur. Medikal ekibimiz tek seansta 7.000 grefte kadar ekim yapabilmektedir. Bu yakla\u015f\u0131k 17.000-18.000 sa\u00e7 telidir. Bir kons\u00fcltasyonda, sizin i\u00e7in hangi \u00e7\u00f6z\u00fcm\u00fcn m\u00fcmk\u00fcn oldu\u011funu g\u00f6rmek i\u00e7in sa\u00e7 analizi ile sa\u00e7\u0131n\u0131z\u0131n mevcut yo\u011funlu\u011fu incelenir.<\/p>\n<h3>Sonucu ne zaman g\u00f6rece\u011fim?<\/h3>\n<p>Nihai sonu\u00e7 9 ila 12 ay sonra g\u00f6r\u00fclebilir.<\/p>\n<h3>Sa\u00e7 ekimi \u00f6ncesi ve sonras\u0131 nelere dikkat etmeliyim?<\/h3>\n<p>Sa\u00e7 ekimi \u00f6ncesi ve sonras\u0131 dikkat etmeniz gereken evraklar\u0131 a\u015fa\u011f\u0131da bulabilirsiniz.<\/p>\n<h3>Sa\u00e7 ekimi a\u011fr\u0131l\u0131 m\u0131d\u0131r?<\/h3>\n<p>Sa\u00e7 ekimleri lokal anestezi alt\u0131nda yap\u0131l\u0131r. Bu enjeksiyonlar olmadan elde edilir. Anestezi, \u00f6zel bir bas\u0131n\u00e7l\u0131 p\u00fcsk\u00fcrtme tekni\u011fi kullan\u0131larak uygulan\u0131r. Misafirlerimizin %91&#8217;i bunu ac\u0131s\u0131z olarak deneyimliyor.<\/p>\n<h3>Kimler sa\u00e7 ekimi i\u00e7in uygundur?<\/h3>\n<p>Hedef kitlemiz sa\u00e7\u0131 d\u00f6k\u00fclen kad\u0131n ve erkekler, ayr\u0131ca do\u011fum lekesi veya yaras\u0131 olan ve kozmetik i\u015flem talep eden ki\u015filerdir. Sonu\u00e7 olarak sa\u00e7\u0131 kaybeden cerrahi yara izlerini ve yan\u0131klar\u0131 d\u00fc\u015f\u00fcn\u00fcn. Sa\u00e7 ekimi ile bu b\u00f6lgelerin kamufle edilmesi m\u00fcmk\u00fcnd\u00fcr.<\/p>\n<h3>Neden Hairtime\u0130stanbul&#8217;u se\u00e7iyoruz?<\/h3>\n<p>HairTime\u0130stanbul, firma olarak sa\u00e7 ekimi konusunda 14 y\u0131ll\u0131k tecr\u00fcbeye sahiptir. Ekip binlerce ba\u015far\u0131l\u0131 nakil ger\u00e7ekle\u015ftirdi. HairtimeIstanbul, geli\u015fmelerin \u00f6n\u00fcndedir ve en yeni ekipmanlarla \u00e7al\u0131\u015f\u0131r. Ek olarak, klinikler modern bir \u015fekilde d\u00f6\u015fenmi\u015ftir ve dezenfeksiyon ve sterilizasyon alan\u0131ndaki kat\u0131 hijyen kurallar\u0131na ba\u011fl\u0131d\u0131r. HairtimeIstanbul, web sitesinde 9.9 ile derecelendirildi, te\u015fekk\u00fcrlerde kwalitatieve haartransplantaties en de succesvolle nazorg. U kunt een afspraak maken met een van onze specialisten om gericht advies voor een haartransplantatie.<\/p>\n","protected":false},"excerpt":{"rendered":"<p>Sa\u00e7 Ekimi S\u0131k\u00e7a Sorulan Sorular Sa\u00e7 ekimi i\u015flemi i\u00e7in ka\u00e7 g\u00fcne ihtiyac\u0131m var? \u0130\u015flem bir g\u00fcn i\u00e7inde yap\u0131l\u0131r. Ertesi g\u00fcn kontrole, ertesi g\u00fcn ilk y\u0131kamaya geleceksiniz. \u0130lerleyen g\u00fcnlerde sosyal ve g\u00fcnl\u00fck aktivitelerinize devam edebilirsiniz. Sa\u00e7 ekiminin kendisi ne kadar s\u00fcrer? Sa\u00e7 ekimi ortalama 6-8 saat s\u00fcrer. Uzmanlar\u0131m\u0131z sa\u00e7 k\u00f6klerini toplamak i\u00e7in ortalama iki saat harcarlar. [&hellip;]<\/p>\n","protected":false},"author":1,"featured_media":0,"parent":0,"menu_order":0,"comment_status":"closed","ping_status":"closed","template":"","meta":{"footnotes":""},"class_list":["post-474","page","type-page","status-publish","hentry"],"_links":{"self":[{"href":"https:\/\/www.hairtimeistanbul.com\/tr\/wp-json\/wp\/v2\/pages\/474","targetHints":{"allow":["GET"]}}],"collection":[{"href":"https:\/\/www.hairtimeistanbul.com\/tr\/wp-json\/wp\/v2\/pages"}],"about":[{"href":"https:\/\/www.hairtimeistanbul.com\/tr\/wp-json\/wp\/v2\/types\/page"}],"author":[{"embeddable":true,"href":"https:\/\/www.hairtimeistanbul.com\/tr\/wp-json\/wp\/v2\/users\/1"}],"replies":[{"embeddable":true,"href":"https:\/\/www.hairtimeistanbul.com\/tr\/wp-json\/wp\/v2\/comments?post=474"}],"version-history":[{"count":5,"href":"https:\/\/www.hairtimeistanbul.com\/tr\/wp-json\/wp\/v2\/pages\/474\/revisions"}],"predecessor-version":[{"id":820,"href":"https:\/\/www.hairtimeistanbul.com\/tr\/wp-json\/wp\/v2\/pages\/474\/revisions\/820"}],"wp:attachment":[{"href":"https:\/\/www.hairtimeistanbul.com\/tr\/wp-json\/wp\/v2\/media?parent=474"}],"curies":[{"name":"wp","href":"https:\/\/api.w.org\/{rel}","templated":true}]}}