{"id":485,"date":"2024-08-06T14:54:00","date_gmt":"2024-08-06T11:54:00","guid":{"rendered":"https:\/\/www.hairtimeistanbul.com\/tr\/?page_id=485"},"modified":"2024-10-21T11:43:18","modified_gmt":"2024-10-21T08:43:18","slug":"gizlilik-bildirimi","status":"publish","type":"page","link":"https:\/\/www.hairtimeistanbul.com\/tr\/gizlilik-bildirimi\/","title":{"rendered":"Gizlilik Bildirimi"},"content":{"rendered":"<h2>Gizlilik Bildirimi Meditime B.V<\/h2>\n<p>Bu, normal bir yap\u0131ya sahip \u00f6zel \u015firketin gizlilik beyan\u0131d\u0131r, bundan sonra Meditime olarak an\u0131lacakt\u0131r. Meditime, Ticaret Odas\u0131\u2019nda 72398841 numara ile kay\u0131tl\u0131d\u0131r ve Capelle aan den IJssel\u2019de Rivium Bulvar\u0131 34 (2909LK) adresinde bulunmaktad\u0131r. Bu belge, Meditime\u2019\u0131n ki\u015fisel verilerinizin i\u015flenmesini nas\u0131l ele ald\u0131\u011f\u0131n\u0131 a\u00e7\u0131klamaktad\u0131r. Meditime, ki\u015fisel verilerinizi i\u015flerken m\u00fcmk\u00fcn olan en b\u00fcy\u00fck \u00f6zeni g\u00f6sterir.<\/p>\n<h2>Ki\u015fisel verilerin elde edilmesi:<\/h2>\n<p>Meditime hizmetlerini kullan\u0131rsan\u0131z, Meditime\u2019a bir tak\u0131m ki\u015fisel verileri kendiniz sa\u011flars\u0131n\u0131z veya s\u00f6zle\u015fme kapsam\u0131nda sizden ki\u015fisel veriler elde edilir. Ki\u015fisel veriler, kimli\u011fi belirli veya belirlenebilir bir ger\u00e7ek ki\u015fiye ili\u015fkin t\u00fcm veriler anlam\u0131na gelir.<\/p>\n<h2>Ki\u015fisel veri kategorileri<\/h2>\n<p>Meditime, a\u015fa\u011f\u0131daki ki\u015fisel veri kategorilerini i\u015fler:<\/p>\n<ul>\n<li>Ki\u015fi ve ad ve adres ayr\u0131nt\u0131lar\u0131;<\/li>\n<li>Mali veriler;<\/li>\n<li>Uyu\u015fturucu kullan\u0131m\u0131 ve\/veya gerekli oldu\u011fu \u00f6l\u00e7\u00fcde s\u0131n\u0131rl\u0131 t\u0131bbi bilgi;<\/li>\n<li>Sizin sa\u011flad\u0131\u011f\u0131n\u0131z di\u011fer ki\u015fisel veriler<\/li>\n<\/ul>\n<h2>\u0130\u015flemenin amac\u0131<\/h2>\n<p>Meditime taraf\u0131ndan i\u015flenen ki\u015fisel verilerin amac\u0131:<\/p>\n<ul>\n<li>Sat\u0131n ald\u0131\u011f\u0131n\u0131z hizmetler ve bunlar\u0131n uygulanmas\u0131 hakk\u0131nda sizi bilgilendirmek i\u00e7in sizinle ileti\u015fime ge\u00e7mek i\u00e7in;<\/li>\n<li>Hizmetlerini ger\u00e7ekle\u015ftirmek;<\/li>\n<li>Hizmeti iyile\u015ftirme;<\/li>\n<li>\u00d6deme yapma;<\/li>\n<li>Yasal y\u00fck\u00fcml\u00fcl\u00fcklere uygunluk;<\/li>\n<li>Pazarlama ve ileti\u015fim ifadelerini yapmak;<\/li>\n<li>Web sitesindeki ziyaret\u00e7i davran\u0131\u015f\u0131n\u0131 analiz ederek web sitesini iyile\u015ftirmek;<\/li>\n<li>B\u00fclten g\u00f6nderme;<\/li>\n<li>Hizmetin performans\u0131 i\u00e7in \u00fc\u00e7\u00fcnc\u00fc taraflarla veri al\u0131\u015fveri\u015fi.<\/li>\n<\/ul>\n<h2>Temel i\u015fleme<\/h2>\n<p>Ki\u015fisel verilerin i\u015flenmesi ancak a\u015fa\u011f\u0131daki gerek\u00e7elerle m\u00fcmk\u00fcnd\u00fcr: (i) yasal zorunluluk, (ii) s\u00f6zle\u015fmenin ifas\u0131, (iii) veri sahiplerinden al\u0131nan (a\u00e7\u0131k) onay ve (iv) me\u015fru menfaat. Meditime hizmetlerini sunarken,<br \/>\nki\u015fisel verilerin i\u015flenmesi. Meditime, yaln\u0131zca hizmet (iyile\u015ftirme) i\u00e7in gerekli g\u00f6rd\u00fc\u011f\u00fc verileri i\u015fler ve sizinle ve hizmetleri kullan\u0131m\u0131n\u0131z hakk\u0131nda toplad\u0131\u011f\u0131 (ki\u015fisel) verileri \u00f6zenle i\u015fler. Bu verilerin i\u015flenmesinin temeli,<br \/>\nMeditime ile yapm\u0131\u015f oldu\u011funuz s\u00f6zle\u015fme. Bunun i\u00e7in izin vermi\u015f olman\u0131z halinde https:\/\/www.hairtimeistanbul.nl\/ internet sitesi ziyaret edilerek de ki\u015fisel verileriniz i\u015flenebilecektir.<\/p>\n<h2>\u0130\u015flenmesi gerekiyor<\/h2>\n<p>Ki\u015fisel verilerinizin i\u015flenmesi, hizmeti yerine getirebilmek i\u00e7in gereklidir. Meditime\u2019\u0131n sundu\u011fu hizmetler, ki\u015fisel verileriniz i\u015flenmeden tam olarak yerine getirilemez. Ki\u015fisel verilerle ilgili belirli ama\u00e7lar i\u00e7in a\u00e7\u0131k izniniz gerekiyorsa, bunun i\u00e7in ayr\u0131ca izin vermelisiniz.<\/p>\n<h2>Otomatik karar verme<\/h2>\n<p>Otomatik karar verme yok<\/p>\n<h2>Saklama s\u00fcresi<\/h2>\n<p>Meditime taraf\u0131ndan i\u015flenen ki\u015fisel veriler, ilgili kanun ve y\u00f6netmeliklere uygun olarak saklanmaktad\u0131r. Mevzuat veya d\u00fczenlemeler uyar\u0131nca daha uzun bir saklama s\u00fcresinin gerekli olmas\u0131 halinde, ki\u015fisel veriler bu gereklilikler uyar\u0131nca daha uzun s\u00fcre saklanacakt\u0131r. T\u00fcm (elde edilen) ki\u015fisel veriler kesinlikle gerekli olandan daha uzun s\u00fcre saklanmayacakt\u0131r.<\/p>\n<h2>\u00dc\u00e7\u00fcnc\u00fc taraf\u00e7a i\u015fleniyor<\/h2>\n<p>Meditime, ki\u015fisel verileri yaln\u0131zca bir s\u00f6zle\u015fmenin ifas\u0131 ve ilgili yasa ve y\u00f6netmeliklere uyulmas\u0131 i\u00e7in kesinlikle gerekli olmas\u0131 halinde \u00fc\u00e7\u00fcnc\u00fc taraflarla payla\u015f\u0131r. Hi\u00e7bir ki\u015fisel veri sat\u0131lmaz. Meditime, ki\u015fisel verileri \u00fc\u00e7\u00fcnc\u00fc taraflarla payla\u015fmak konusunda yasal bir y\u00fck\u00fcml\u00fcl\u00fc\u011fe sahip olabilir. Ki\u015fisel verilerin \u00fc\u00e7\u00fcnc\u00fc ki\u015filerle payla\u015f\u0131lmas\u0131 durumunda bunun i\u00e7in i\u015fleme s\u00f6zle\u015fmeleri yap\u0131lmaktad\u0131r. Ki\u015fisel verilerin payla\u015f\u0131ld\u0131\u011f\u0131 \u00fc\u00e7\u00fcnc\u00fc ki\u015filer:<\/p>\n<ul>\n<li>\u00d6deme Sa\u011flay\u0131c\u0131, bir s\u00f6zle\u015fmenin y\u00fcr\u00fct\u00fclmesi amac\u0131yla. \u0130\u015flenen ki\u015fisel veri kategorileri finansal verilerdir.<\/li>\n<li>Bir anla\u015fman\u0131n ifas\u0131 amac\u0131yla Muhasebeci. \u0130\u015flenen ki\u015fisel veri kategorileri, ki\u015fi ve isim ve adres verileri ve finansal verilerdir.<\/li>\n<li>S\u00f6zle\u015fmenin y\u00fcr\u00fct\u00fclmesi amac\u0131yla yaz\u0131l\u0131m tedarik\u00e7ileri. \u0130\u015flenen ki\u015fisel veri kategorileri, ki\u015fi, isim ve adres detaylar\u0131d\u0131r.<\/li>\n<li>S\u00f6zle\u015fmenin y\u00fcr\u00fct\u00fclmesi amac\u0131yla web sitesi y\u00f6neticisi. \u0130\u015flenen ki\u015fisel veri kategorileri, ki\u015fi, isim ve adres detaylar\u0131d\u0131r.<\/li>\n<li>S\u00f6zle\u015fmenin ifas\u0131 i\u00e7in g\u00f6revlendirilen \u00fc\u00e7\u00fcnc\u00fc \u015fah\u0131s (doktor). \u0130\u015flenen ki\u015fisel veri kategorileri, ileti\u015fim ve isim ve adres bilgileri ile ila\u00e7 kullan\u0131m\u0131na ili\u015fkin veriler ile sa\u011flanan t\u0131bbi verilerdir.<\/li>\n<\/ul>\n<h2>Ki\u015fisel Verilerin G\u00fcvenli\u011fi<\/h2>\n<p>Meditime, ki\u015fisel verilerinizin korunmas\u0131n\u0131 ciddiye al\u0131r ve son teknolojiyi, uygulama maliyetlerini, ayr\u0131ca niteli\u011fi, kapsam\u0131, ba\u011flam\u0131 ve i\u015fleme ama\u00e7lar\u0131n\u0131 ve bireylerin hak ve \u00f6zg\u00fcrl\u00fcklerine y\u00f6nelik riskleri, olas\u0131l\u0131k ve \u00e7e\u015fitlilik a\u00e7\u0131s\u0131ndan dikkate al\u0131r. ciddiyet, riske uygun bir g\u00fcvenlik seviyesi sa\u011flamak i\u00e7in uygun teknik ve organizasyonel \u00f6nlemler.<\/p>\n<h2>16 ya\u015f\u0131ndan k\u00fc\u00e7\u00fck m\u00fc?<\/h2>\n<p>Re\u015fit de\u011filseniz, yani 16 ya\u015f\u0131ndan k\u00fc\u00e7\u00fckseniz, ki\u015fisel verilerinizin i\u015flenmesine yaln\u0131zca ebeveynlerinizden birinin veya yasal vasinizin izniyle izin verebilirsiniz. Bu durumda ebeveyn(ler)inizin veya velinizin bu beyan\u0131 okumas\u0131 \u00f6nemlidir. Ayr\u0131ca, ki\u015fisel verilerinizin (daha fazla) i\u015flenmesine itiraz etme hakk\u0131 veya verilerinize eri\u015fme ve bunlar\u0131 d\u00fczeltme hakk\u0131 gibi bize b\u0131rakt\u0131\u011f\u0131n\u0131z ki\u015fisel verilerle ilgili sahip oldu\u011funuz haklar\u0131 da kullanabilirler.<\/p>\n<h2>Sorumluluk Reddi<\/h2>\n<p>Web sitesini kullanarak sorumluluk reddini kabul etmi\u015f olursunuz. Meditime, web sitesinin i\u00e7eri\u011fini ve\/veya bu sorumluluk reddini, m\u00fc\u015fterilerine ve\/veya web sitesinin kullan\u0131c\u0131lar\u0131n\u0131 bu de\u011fi\u015fiklik hakk\u0131nda bilgilendirmeden diledi\u011fi zaman de\u011fi\u015ftirme hakk\u0131n\u0131 sakl\u0131 tutar. Web sitesinin i\u00e7eri\u011fi en b\u00fcy\u00fck<br \/>\nolas\u0131 bak\u0131m, ancak yine de olas\u0131 yanl\u0131\u015fl\u0131klar i\u00e7erebilir veya eksik olabilir. Meditime, web sitesinin kullan\u0131m\u0131ndan kaynaklanan veya bundan kaynaklanan hasarlar i\u00e7in hi\u00e7bir \u015fekilde sorumluluk kabul etmez. Bu web sitesinin kullan\u0131m\u0131, tamamen web sitesinin bir kullan\u0131c\u0131s\u0131n\u0131n masraf\u0131 ve riski alt\u0131ndad\u0131r. Web sitesinin i\u00e7eri\u011finden hi\u00e7bir hak elde edilemez. Web sitesinde yer alan t\u00fcm metinler, \u00fc\u00e7\u00fcnc\u00fc \u015fah\u0131slara ait olmad\u0131\u011f\u0131 s\u00fcrece telif hakk\u0131 ve Meditime\u2019\u0131n m\u00fclkiyetindedir.<\/p>\n<h2>\u00c7erez Bildirimi<\/h2>\n<p>Meditime, web sitesini optimize etmek i\u00e7in teknik ve i\u015flevsel \u00e7erezler kullan\u0131r. \u00c7erezler, ziyaret\u00e7ilerin kullan\u0131c\u0131 deneyimini daha verimli hale getirmek i\u00e7in bir web sitesini ziyaret etti\u011finizde birlikte g\u00f6nderilen k\u00fc\u00e7\u00fck metin dosyalar\u0131d\u0131r. Meditime, web sitesini kullanmak i\u00e7in kesinlikle gerekliyse, yasalara g\u00f6re cihaz\u0131n\u0131zda \u00e7erez saklayabilir. Di\u011fer \u00e7erez t\u00fcrleri izninizi gerektirir. Web sitesinin kullan\u0131c\u0131 dostu olmas\u0131yla ba\u011flant\u0131l\u0131 olarak \u00e7erezleri kabul etmenizi \u00f6neririz. Web sitesini ziyaret edenlerin check-in se\u00e7ene\u011fi vard\u0131r.<\/p>\n<p>Meditime\u2019\u0131n kulland\u0131\u011f\u0131 \u00e7erezler i\u015flevsel \u00e7erezlerdir: bu \u00e7erezler web sitesinin d\u00fczg\u00fcn \u00e7al\u0131\u015fmas\u0131n\u0131 sa\u011flar. Bu \u00e7erezlerin gizlilik i\u00e7in hi\u00e7bir sonucu yoktur, bu nedenle herhangi bir izin istenmesi ve verilmesi gerekmez. Bu tan\u0131mlama bilgileriyle, \u00f6rne\u011fin, taray\u0131c\u0131 ayarlar\u0131n\u0131z, web sitemizin en iyi \u015fekilde g\u00f6r\u00fcnt\u00fclenebilmesi veya web sitesinin eri\u015filebilir kalmas\u0131 (y\u00fck dengeleme) i\u00e7in ve ayr\u0131ca ba\u015fka hi\u00e7bir tan\u0131mlama bilgisinin yerle\u015ftirilemeyece\u011fini (takip etmeme) sa\u011flayan tan\u0131mlama bilgileri depolan\u0131r.<\/p>\n<p>\u0130zniniz ile bilgisayar\u0131n\u0131za \u201cizleme \u00e7erezleri\u201d yerle\u015ftiriyoruz. Bu tan\u0131mlama bilgilerini, \u00e7evrimi\u00e7i davran\u0131\u015f\u0131n\u0131z\u0131n bir profilini olu\u015fturmak amac\u0131yla ziyaret etti\u011finiz sayfalar\u0131 takip etmek i\u00e7in kullan\u0131r\u0131z. Bu profil ad\u0131n\u0131z, adresiniz, e-posta adresiniz ve benzerleriyle ba\u011flant\u0131l\u0131 de\u011fildir, yaln\u0131zca reklamlar\u0131 profilinize g\u00f6re uyarlamak ve b\u00f6ylece sizinle m\u00fcmk\u00fcn oldu\u011funca alakal\u0131 olmalar\u0131 i\u00e7in ba\u011flant\u0131l\u0131d\u0131r.<\/p>\n<p>Google\u2019dan gelen \u00e7erezler, Google Analytics amac\u0131yla Meditime web sitesine de yerle\u015ftirilir. \u0130nternette yapt\u0131klar\u0131n\u0131zla ilgili hi\u00e7bir bilgiyi tutmuyoruz. Google Analytics, bu verilere eri\u015fim sa\u011flamak i\u00e7in ge\u00e7erli yasalar ve d\u00fczenlemeler taraf\u0131ndan gerekli olabilir. Bu, Meditime\u2019\u0131n bilgileri ger\u00e7ek bir ki\u015fiye ba\u011flayamayaca\u011f\u0131 anlam\u0131na gelir. Bununla ilgili herhangi bir sorunuz varsa, l\u00fctfen bizimle info@hairtimeistanbul.nl adresinden ileti\u015fime ge\u00e7in.<\/p>\n<h2>Sosyal Medyay\u0131 Kullan\u0131n<\/h2>\n<p>Meditime, web sitesini optimize etmek i\u00e7in \u00fc\u00e7\u00fcnc\u00fc taraflar\u0131n \u00e7erezlerini kullan\u0131r. Baz\u0131 \u00e7erezler, web sitesinde g\u00f6r\u00fcnen \u00fc\u00e7\u00fcnc\u00fc taraf hizmetleri taraf\u0131ndan yerle\u015ftirilir. \u00dc\u00e7\u00fcnc\u00fc taraflar, Google Analytics ve Sosyal Medya (Facebook, Instagram, Twitter ve Youtube) anlam\u0131na gelir. \u0130lgili \u015firketin gizlilik ve \u00e7erez politikas\u0131, di\u011fer \u015firketlere (\u00fc\u00e7\u00fcnc\u00fc \u015fah\u0131slara) ait \u00e7erezlerin kullan\u0131m\u0131 i\u00e7in ge\u00e7erlidir. Web sitesinde Sosyal Medya d\u00fc\u011fmesine t\u0131klad\u0131\u011f\u0131n\u0131zda, bir Sosyal Medya \u00e7erezi yerle\u015ftirilir. Bu, Sosyal Medya taraf\u0131n\u0131n, web sitesinden bir makale payla\u015ft\u0131\u011f\u0131n\u0131z anda IP adresinizi tan\u0131mas\u0131n\u0131 sa\u011flar. Sosyal Medya taraflar\u0131n\u0131n \u00e7erezleri ve onlarla toplad\u0131klar\u0131 veriler ve\/veya ki\u015fisel veriler i\u00e7in Meditime, sizi bu taraflar\u0131n gizlilik ve \u00e7erez beyanlar\u0131na y\u00f6nlendirir.<\/p>\n<h2>Taray\u0131c\u0131 Ayarlar\u0131<\/h2>\n<p>Web sitelerinin, web sitesini g\u00f6r\u00fcnt\u00fclemek i\u00e7in kulland\u0131\u011f\u0131n\u0131z cihaz\u0131n\u0131za \u00e7erez yerle\u015ftirmesini istemiyorsan\u0131z, taray\u0131c\u0131 ayarlar\u0131n\u0131z\u0131 yapabilirsiniz. \u00c7erez yerle\u015ftirilmeden \u00f6nce bir uyar\u0131 al\u0131rs\u0131n\u0131z ve \u00e7erez i\u00e7in izin vermeniz gerekir. Bunun yap\u0131lmamas\u0131, \u00f6rne\u011fin a\u015fa\u011f\u0131dakilere neden olabilir:<br \/>\nweb sitesi daha az iyi \u00e7al\u0131\u015f\u0131yor. Taray\u0131c\u0131n\u0131z\u0131n ayarlar\u0131n\u0131, taray\u0131c\u0131n\u0131z t\u00fcm \u00e7erezleri ve ayr\u0131ca \u00fc\u00e7\u00fcnc\u00fc \u015fah\u0131slardan gelen \u00e7erezleri reddedecek \u015fekilde ayarlayabilirsiniz. Yerle\u015ftirilmi\u015f \u00e7erezleri de silebilirsiniz. Bunun i\u00e7in tercihler \u00fczerinden taray\u0131c\u0131n\u0131z\u0131n ayarlar\u0131n\u0131 yapman\u0131z gerekiyor ve ard\u0131ndan gizlilik ayarlar\u0131n\u0131 de\u011fi\u015ftirebilirsiniz.<\/p>\n<p>Bu gizlilik bildirimi, bu web sitesine ba\u011flant\u0131lar yoluyla ba\u011flanan \u00fc\u00e7\u00fcnc\u00fc \u015fah\u0131slar\u0131n web siteleri i\u00e7in ge\u00e7erli de\u011fildir. Bu \u00fc\u00e7\u00fcnc\u00fc taraflar\u0131n ki\u015fisel verilerinizi g\u00fcvenilir veya g\u00fcvenli bir \u015fekilde kullanaca\u011f\u0131n\u0131 garanti edemeyiz. Bu web sitelerini kullanmadan \u00f6nce bu web sitelerinin gizlilik bildirimini okuman\u0131z\u0131 \u00f6neririz.<\/p>\n<h2>Veri sahiplerinin hakk\u0131<\/h2>\n<p>Veri sahibi olarak a\u015fa\u011f\u0131daki haklara sahipsiniz:<\/p>\n<ul>\n<li>Eri\u015fim hakk\u0131; Veri sahibi olarak, ki\u015fisel verilerinizin i\u015flenip i\u015flenmedi\u011fi konusunda kesin bir cevap alma ve i\u015fleniyorsa i\u015flenmesini inceleme hakk\u0131na sahipsiniz.<\/li>\n<li>D\u00fczeltme hakk\u0131; Hatal\u0131 verilerin d\u00fczeltilmesini ve tamamlanmas\u0131n\u0131 talep etme hakk\u0131n\u0131z vard\u0131r.<\/li>\n<li>Silme hakk\u0131; Bir veri sahibi, kendisiyle ilgili ki\u015fisel verilerin herhangi bir gecikme olmaks\u0131z\u0131n silinmesini sa\u011flamal\u0131d\u0131r.<\/li>\n<li>\u0130\u015flemenin k\u0131s\u0131tlanmas\u0131 hakk\u0131; Veri sahibi olarak, ki\u015fisel verilerinizin i\u015flenmesini k\u0131s\u0131tlama hakk\u0131na sahipsiniz. L\u00fctfen Meditime ile ileti\u015fime ge\u00e7in.<\/li>\n<li>Veri ta\u015f\u0131nabilirli\u011fi hakk\u0131; Bir veri sahibi, kendisi ile ilgili olarak Meditime\u2019a sa\u011flad\u0131\u011f\u0131 ki\u015fisel verileri yap\u0131land\u0131r\u0131lm\u0131\u015f, yayg\u0131n olarak kullan\u0131lan ve makine taraf\u0131ndan okunabilir bir bi\u00e7imde elde etme ve ayr\u0131ca bu verileri, sa\u011fland\u0131\u011f\u0131 kontrol\u00f6r taraf\u0131ndan engellenmeden Meditime\u2019a aktarma hakk\u0131na sahiptir. .<\/li>\n<li>\u0130tiraz hakk\u0131;<br \/>\nVeri sahibi, kendi \u00f6zel durumuna ili\u015fkin gerek\u00e7elerle, bu h\u00fck\u00fcmlere dayal\u0131 profil \u00e7\u0131karma da dahil olmak \u00fczere, kendisiyle ilgili ki\u015fisel verilerin i\u015flenmesine herhangi bir zamanda itiraz etme hakk\u0131na sahiptir. Meditime, ki\u015fisel verilerin i\u015flenmesi i\u00e7in veri sahibinin \u00e7\u0131karlar\u0131, \u00f6zg\u00fcrl\u00fckleri ve haklar\u0131na a\u011f\u0131r basan me\u015fru bir gerek\u00e7e olmad\u0131\u011f\u0131 s\u00fcrece, ki\u015fisel verilerin i\u015flenmesini durduracakt\u0131r.<br \/>\nyasal i\u015flem.<\/li>\n<\/ul>\n<h2>\u015eikayet<\/h2>\n<p>Meditime\u2019\u0131n ki\u015fisel verilerinizi i\u015fleme \u015fekli hakk\u0131nda bir \u015fikayetiniz varsa veya yukar\u0131daki haklardan birini kullanmak istiyorsan\u0131z, info@hairtimeistanbul.nl e-posta adresinden web sitesi arac\u0131l\u0131\u011f\u0131yla bizimle ileti\u015fime ge\u00e7ebilirsiniz. Bir hakk\u0131 kullanmak istedi\u011finizden emin olmak i\u00e7in Meditime, kimlik belgenizin bir kopyas\u0131n\u0131 g\u00f6ndermenizi ister. Gizlili\u011finizi korumak i\u00e7in pasaport foto\u011fraf\u0131n\u0131z\u0131 ve MRZ\u2019yi (altta say\u0131lar olan \u015ferit) karartabilirsiniz. Meditime, talebinize en k\u0131sa s\u00fcrede, ancak en ge\u00e7 4 hafta i\u00e7inde cevap verecektir. Hollanda Veri Koruma Kurumuna da \u015fikayette bulunabilirsiniz. Bu yetkili icra organ\u0131d\u0131r. Bu ba\u011flant\u0131 arac\u0131l\u0131\u011f\u0131yla bizimle ileti\u015fime ge\u00e7ebilirsiniz: https:\/\/autoriteitpersoonsgegevens.nl\/nl\/contact-met-de-autoriteit-persoonsgegevens\/tip-ons.<\/p>\n<h2>Gizlilik Bildirimini De\u011fi\u015ftirir<\/h2>\n<p>Meditime, gizlilik bildirimini istedi\u011fi zaman de\u011fi\u015ftirebilir. En son s\u00fcr\u00fcm web sitesinde yay\u0131nlanmaktad\u0131r. Bu nedenle, en son s\u00fcr\u00fcm i\u00e7in her zaman web sitesini kontrol edin. Yeni gizlilik bildiriminin sizinle ilgili halihaz\u0131rda toplanm\u0131\u015f verileri i\u015fleme \u015feklimiz \u00fczerinde sonu\u00e7lar\u0131 varsa, sizi e-posta ile bilgilendirece\u011fiz. Bu s\u00fcr\u00fcm en son 24 Kas\u0131m 2020\u2019de kabul edildi.<\/p>\n","protected":false},"excerpt":{"rendered":"<p>Gizlilik Bildirimi Meditime B.V Bu, normal bir yap\u0131ya sahip \u00f6zel \u015firketin gizlilik beyan\u0131d\u0131r, bundan sonra Meditime olarak an\u0131lacakt\u0131r. Meditime, Ticaret Odas\u0131\u2019nda 72398841 numara ile kay\u0131tl\u0131d\u0131r ve Capelle aan den IJssel\u2019de Rivium Bulvar\u0131 34 (2909LK) adresinde bulunmaktad\u0131r. Bu belge, Meditime\u2019\u0131n ki\u015fisel verilerinizin i\u015flenmesini nas\u0131l ele ald\u0131\u011f\u0131n\u0131 a\u00e7\u0131klamaktad\u0131r. Meditime, ki\u015fisel verilerinizi i\u015flerken m\u00fcmk\u00fcn olan en b\u00fcy\u00fck \u00f6zeni [&hellip;]<\/p>\n","protected":false},"author":1,"featured_media":0,"parent":0,"menu_order":0,"comment_status":"closed","ping_status":"closed","template":"","meta":{"footnotes":""},"class_list":["post-485","page","type-page","status-publish","hentry"],"_links":{"self":[{"href":"https:\/\/www.hairtimeistanbul.com\/tr\/wp-json\/wp\/v2\/pages\/485","targetHints":{"allow":["GET"]}}],"collection":[{"href":"https:\/\/www.hairtimeistanbul.com\/tr\/wp-json\/wp\/v2\/pages"}],"about":[{"href":"https:\/\/www.hairtimeistanbul.com\/tr\/wp-json\/wp\/v2\/types\/page"}],"author":[{"embeddable":true,"href":"https:\/\/www.hairtimeistanbul.com\/tr\/wp-json\/wp\/v2\/users\/1"}],"replies":[{"embeddable":true,"href":"https:\/\/www.hairtimeistanbul.com\/tr\/wp-json\/wp\/v2\/comments?post=485"}],"version-history":[{"count":6,"href":"https:\/\/www.hairtimeistanbul.com\/tr\/wp-json\/wp\/v2\/pages\/485\/revisions"}],"predecessor-version":[{"id":811,"href":"https:\/\/www.hairtimeistanbul.com\/tr\/wp-json\/wp\/v2\/pages\/485\/revisions\/811"}],"wp:attachment":[{"href":"https:\/\/www.hairtimeistanbul.com\/tr\/wp-json\/wp\/v2\/media?parent=485"}],"curies":[{"name":"wp","href":"https:\/\/api.w.org\/{rel}","templated":true}]}}